{"id":357,"date":"2024-11-06T11:09:27","date_gmt":"2024-11-06T11:09:27","guid":{"rendered":"https:\/\/vitapeterlin.com\/about-us\/"},"modified":"2024-11-13T10:05:34","modified_gmt":"2024-11-13T08:05:34","slug":"vita","status":"publish","type":"page","link":"https:\/\/vitapeterlin.com\/sl\/vita\/","title":{"rendered":"Vita"},"content":{"rendered":"\n<div class=\"wp-block-uagb-container about-me-container-top uagb-block-91b00d70 alignfull uagb-is-root-container\"><div class=\"uagb-container-inner-blocks-wrap\">\n<div data-aos= \"fade-up\" data-aos-duration=\"400\" data-aos-delay=\"0\" data-aos-easing=\"ease\" data-aos-once=\"true\" class=\"wp-block-uagb-container uagb-layout-flex uagb-block-ebce0a3f\">\n<div class=\"wp-block-uagb-image alignleft uagb-block-72aac24c wp-block-uagb-image--layout-default wp-block-uagb-image--effect-static wp-block-uagb-image--align-left\"><figure class=\"wp-block-uagb-image__figure\"><img decoding=\"async\" srcset=\"https:\/\/vitapeterlin.com\/wp-content\/uploads\/2024\/11\/Vita-4-min-scaled-1-1024x1024.jpg ,https:\/\/vitapeterlin.com\/wp-content\/uploads\/2024\/11\/Vita-4-min-scaled-1.jpg 780w, https:\/\/vitapeterlin.com\/wp-content\/uploads\/2024\/11\/Vita-4-min-scaled-1.jpg 360w\" sizes=\"auto, (max-width: 480px) 150px\" src=\"https:\/\/vitapeterlin.com\/wp-content\/uploads\/2024\/11\/Vita-4-min-scaled-1-1024x1024.jpg\" alt=\"\" class=\"uag-image-1740\" width=\"520\" height=\"520\" title=\"Vita-4-min-scaled (1)\" loading=\"lazy\" role=\"img\"\/><\/figure><\/div>\n\n\n\n<div class=\"wp-block-uagb-info-box uagb-block-aaf65ba2 uagb-infobox__content-wrap  uagb-infobox-icon-above-title uagb-infobox-image-valign-top wp-block-uagb-info-box--has-margin\"><div class=\"uagb-infobox-margin-wrapper\"><div class=\"uagb-ifb-content\"><div class=\"uagb-ifb-title-wrap\"><h1 class=\"uagb-ifb-title\">O meni<\/h1><\/div><div class=\"uagb-ifb-separator\"><\/div><p class=\"uagb-ifb-desc\">Vita Furman Peterlin se je rodila leta 1993 v Ljubljani. U\u010denje violon\u010dela je za\u010dela na Glasbeni \u0161oli Dom\u017eale pri profesorici Almiri Hamidullini, nadaljevala na Konservatoriju za glasbo in balet v Ljubljani pri profesorju Milanu Vrsajkovu in kasneje pri profesorici Karmen Pe\u010dar Koritnik.<br><br>Izpopolnjevala se je na Univerzi za glasbo in upodabljajo\u010do umetnost v Gradcu, kjer je \u0161tudirala pri profesorju Julianu Arpu. Leta 2015 je pre\u017eivela semester \u0161tudija pri profesorju Christianu Poltererju v Luzernu. Vita je junija 2017 z odliko diplomirala in zaklju\u010dila diplomo. Kasneje je nadaljevala magistrski \u0161tudij na Univerzi Mozarteum Salzburg pod mentorstvom Enrica Bronzija.<\/p><\/div><\/div><\/div>\n<\/div>\n<\/div><\/div>\n\n\n\n<div class=\"wp-block-uagb-container uagb-layout-grid uagb-block-4076897a alignfull uagb-is-root-container\"><div class=\"uagb-container-inner-blocks-wrap\">\n<div class=\"wp-block-uagb-advanced-heading uagb-block-0769aa2e\"><h2 class=\"uagb-heading-text\">Nagrade<\/h2><div class=\"uagb-separator\"><\/div><p class=\"uagb-desc-text\">Vita Furman Peterlin se je tekom \u0161tudija udele\u017eila \u0161tevilnih dr\u017eavnih in mednarodnih tekmovanj ter dosegla pomembne uspehe. Na tekmovanju mladih slovenskih glasbenikov TEMSIG je v letih 2006, 2012 in 2015 prejela zlato medaljo, pri \u010demer je bila enkrat prva in dvakrat druga.<br><br>V letih 2010\/11 je osvojila drugi nagradi na tekmovanju Petar Konjovi\u0107 v Beogradu in tekmovanju Euritmia v Italiji ter tretje mesto na Premio Citt\u00e0 di Padova. Naslednje leto je z nastopom s festivalskim orkestrom osvojila prvo nagrado na glasbenem festivalu Ars Nova v Trstu. Kot solistka Konservatorija Ljubljana je s Komornim orkestrom Slovenske filharmonije izvedla Haydnov C-dur koncert za violon\u010delo.<br><\/p><\/div>\n\n\n\n<figure class=\"wp-block-image size-full\"><img loading=\"lazy\" decoding=\"async\" width=\"640\" height=\"514\" src=\"https:\/\/vitapeterlin.com\/wp-content\/uploads\/2024\/11\/Vita_Peterlin_New_York.jpg\" alt=\"\" class=\"wp-image-1742\" srcset=\"https:\/\/vitapeterlin.com\/wp-content\/uploads\/2024\/11\/Vita_Peterlin_New_York.jpg 640w, https:\/\/vitapeterlin.com\/wp-content\/uploads\/2024\/11\/Vita_Peterlin_New_York-300x241.jpg 300w\" sizes=\"auto, (max-width: 640px) 100vw, 640px\" \/><\/figure>\n<\/div><\/div>\n\n\n\n<div class=\"wp-block-uagb-container uagb-layout-grid uagb-block-1bbea376 alignfull uagb-is-root-container\"><div class=\"uagb-container-inner-blocks-wrap\">\n<div class=\"wp-block-uagb-container uagb-block-53898c5f\">\n<p>V letu 2014 je Vita Furman Peterlin tekmovala na treh velikih dogodkih, osvojila premio assoluto in \u0161tipendijo Giuseppeja Magnanija na Festivalu Antonio Salieri. Na festivalu SVIR\u00c9l v Novi Gorici je prejela zlato medaljo in posebno nagrado ter prvo nagrado v Trevisu. Naslednje leto je osvojila prvo nagrado na mednarodnem festivalu Val Tidone. Istega leta je v mariborski Unionski dvorani premierno izvedla Rokokojske variacije za violon\u010delo in pihalni orkester. Leta 2016 je osvojila premio assoluto na festivalu Antonio Salieri in prvo nagrado na Grand Prize Virtuoso v Salzburgu, kjer je njen nagrajeni nastop v Wiener Saal prinesel prilo\u017enost za koncert v Carnegie Hall v New Yorku oktobra 2016, poleg Ameri\u0161ki pianist Lianhua Chi.<\/p>\n\n\n\n<p>Maja 2017 je Vita nastopila kot solistka z Les Violons de France v cerkvi La Madeleine v Parizu.<\/p>\n<\/div>\n\n\n\n<div class=\"wp-block-uagb-container uagb-block-16d4a168\">\n<div class=\"wp-block-uagb-advanced-heading uagb-block-5500665b\"><h2 class=\"uagb-heading-text\">Komorna glasba<\/h2><div class=\"uagb-separator\"><\/div><p class=\"uagb-desc-text\">An active chamber musician, Vita performed Brahms\u2019 String Quintet in G Kot aktivna komorna glasbenica je Vita Brahmsov Godalni kvintet v G-duru izvedla leta 2013 v Gradcu, prenos ORF, Radio \u00d61. Leta 2015 je zaigrala Beethovnov Septet, pri \u010demer je sodelovala s priznanim dirigentom Nikolausom Harnoncourtom. Od leta 2015 s slovenskim harmonikarjem \u017danom Trobasom pogosto nastopa na doma\u010dih in mednarodnih festivalih. Leta 2016 je s pianistom Philippom Scheucherjem in violinistom Wiktorjem Modrzejewskim zmagala na tekmovanju Martha Debelli Scholarship Competition v Gradcu. Nastopila je tudi na festivalih komorne glasbe z znanimi glasbeniki, med drugim z Vladimirjem Mendelssohnom, Alisso Margulis in Fr\u00e9d\u00e9ricom Moreaujem.<br><br>Kot solistka se Vita redno udele\u017euje mojstrskih te\u010dajev pri uglednih umetnikih, kot so Marc Coppey, Valter De\u0161palj, David Grigorian in Antonio Meneses.<br><br><br><\/p><\/div>\n<\/div>\n<\/div><\/div>\n\n\n\n<div class=\"wp-block-uagb-container uagb-block-648ffeee alignfull uagb-is-root-container\"><div class=\"uagb-container-inner-blocks-wrap\"><figure class=\"wp-block-image alignfull size-full\"><img loading=\"lazy\" decoding=\"async\" width=\"2500\" height=\"1667\" src=\"https:\/\/vitapeterlin.com\/wp-content\/uploads\/2024\/11\/IMG_7478_original.webp\" alt=\"\" class=\"wp-image-2054\" srcset=\"https:\/\/vitapeterlin.com\/wp-content\/uploads\/2024\/11\/IMG_7478_original.webp 2500w, https:\/\/vitapeterlin.com\/wp-content\/uploads\/2024\/11\/IMG_7478_original-300x200.webp 300w, https:\/\/vitapeterlin.com\/wp-content\/uploads\/2024\/11\/IMG_7478_original-1024x683.webp 1024w, https:\/\/vitapeterlin.com\/wp-content\/uploads\/2024\/11\/IMG_7478_original-768x512.webp 768w, https:\/\/vitapeterlin.com\/wp-content\/uploads\/2024\/11\/IMG_7478_original-1536x1024.webp 1536w, https:\/\/vitapeterlin.com\/wp-content\/uploads\/2024\/11\/IMG_7478_original-2048x1366.webp 2048w\" sizes=\"auto, (max-width: 2500px) 100vw, 2500px\" \/><\/figure><\/div><\/div>\n\n\n\n<p><\/p>\n","protected":false},"excerpt":{"rendered":"<p>Nagrade Vita Furman Peterlin se je tekom \u0161tudija udele\u017eila \u0161tevilnih dr\u017eavnih in mednarodnih tekmovanj ter dosegla pomembne uspehe. Na tekmovanju mladih slovenskih glasbenikov TEMSIG je v letih 2006, 2012 in [&hellip;]<\/p>\n","protected":false},"author":1,"featured_media":2054,"parent":0,"menu_order":0,"comment_status":"closed","ping_status":"closed","template":"","meta":{"_uag_custom_page_level_css":"","site-sidebar-layout":"no-sidebar","site-content-layout":"page-builder","ast-site-content-layout":"full-width-container","site-content-style":"unboxed","site-sidebar-style":"unboxed","ast-global-header-display":"","ast-banner-title-visibility":"","ast-main-header-display":"","ast-hfb-above-header-display":"","ast-hfb-below-header-display":"","ast-hfb-mobile-header-display":"","site-post-title":"disabled","ast-breadcrumbs-content":"","ast-featured-img":"disabled","footer-sml-layout":"","theme-transparent-header-meta":"enabled","adv-header-id-meta":"","stick-header-meta":"","header-above-stick-meta":"","header-main-stick-meta":"","header-below-stick-meta":"","astra-migrate-meta-layouts":"set","ast-page-background-enabled":"default","ast-page-background-meta":{"desktop":{"background-color":"","background-image":"","background-repeat":"repeat","background-position":"center center","background-size":"auto","background-attachment":"scroll","background-type":"","background-media":"","overlay-type":"","overlay-color":"","overlay-opacity":"","overlay-gradient":""},"tablet":{"background-color":"","background-image":"","background-repeat":"repeat","background-position":"center center","background-size":"auto","background-attachment":"scroll","background-type":"","background-media":"","overlay-type":"","overlay-color":"","overlay-opacity":"","overlay-gradient":""},"mobile":{"background-color":"","background-image":"","background-repeat":"repeat","background-position":"center center","background-size":"auto","background-attachment":"scroll","background-type":"","background-media":"","overlay-type":"","overlay-color":"","overlay-opacity":"","overlay-gradient":""}},"ast-content-background-meta":{"desktop":{"background-color":"var(--ast-global-color-5)","background-image":"","background-repeat":"repeat","background-position":"center center","background-size":"auto","background-attachment":"scroll","background-type":"","background-media":"","overlay-type":"","overlay-color":"","overlay-opacity":"","overlay-gradient":""},"tablet":{"background-color":"var(--ast-global-color-5)","background-image":"","background-repeat":"repeat","background-position":"center center","background-size":"auto","background-attachment":"scroll","background-type":"","background-media":"","overlay-type":"","overlay-color":"","overlay-opacity":"","overlay-gradient":""},"mobile":{"background-color":"var(--ast-global-color-5)","background-image":"","background-repeat":"repeat","background-position":"center center","background-size":"auto","background-attachment":"scroll","background-type":"","background-media":"","overlay-type":"","overlay-color":"","overlay-opacity":"","overlay-gradient":""}},"pgc_sgb_lightbox_settings":"","footnotes":""},"class_list":["post-357","page","type-page","status-publish","has-post-thumbnail","hentry"],"uagb_featured_image_src":{"full":["https:\/\/vitapeterlin.com\/wp-content\/uploads\/2024\/11\/IMG_7478_original.webp",2500,1667,false],"thumbnail":["https:\/\/vitapeterlin.com\/wp-content\/uploads\/2024\/11\/IMG_7478_original-150x150.webp",150,150,true],"medium":["https:\/\/vitapeterlin.com\/wp-content\/uploads\/2024\/11\/IMG_7478_original-300x200.webp",300,200,true],"medium_large":["https:\/\/vitapeterlin.com\/wp-content\/uploads\/2024\/11\/IMG_7478_original-768x512.webp",768,512,true],"large":["https:\/\/vitapeterlin.com\/wp-content\/uploads\/2024\/11\/IMG_7478_original-1024x683.webp",1024,683,true],"1536x1536":["https:\/\/vitapeterlin.com\/wp-content\/uploads\/2024\/11\/IMG_7478_original-1536x1024.webp",1536,1024,true],"2048x2048":["https:\/\/vitapeterlin.com\/wp-content\/uploads\/2024\/11\/IMG_7478_original-2048x1366.webp",2048,1366,true]},"uagb_author_info":{"display_name":"admin","author_link":"https:\/\/vitapeterlin.com\/sl\/author\/admin\/"},"uagb_comment_info":0,"uagb_excerpt":"Nagrade Vita Furman Peterlin se je tekom \u0161tudija udele\u017eila \u0161tevilnih dr\u017eavnih in mednarodnih tekmovanj ter dosegla pomembne uspehe. Na tekmovanju mladih slovenskih glasbenikov TEMSIG je v letih 2006, 2012 in [&hellip;]","_links":{"self":[{"href":"https:\/\/vitapeterlin.com\/sl\/wp-json\/wp\/v2\/pages\/357","targetHints":{"allow":["GET"]}}],"collection":[{"href":"https:\/\/vitapeterlin.com\/sl\/wp-json\/wp\/v2\/pages"}],"about":[{"href":"https:\/\/vitapeterlin.com\/sl\/wp-json\/wp\/v2\/types\/page"}],"author":[{"embeddable":true,"href":"https:\/\/vitapeterlin.com\/sl\/wp-json\/wp\/v2\/users\/1"}],"replies":[{"embeddable":true,"href":"https:\/\/vitapeterlin.com\/sl\/wp-json\/wp\/v2\/comments?post=357"}],"version-history":[{"count":44,"href":"https:\/\/vitapeterlin.com\/sl\/wp-json\/wp\/v2\/pages\/357\/revisions"}],"predecessor-version":[{"id":2058,"href":"https:\/\/vitapeterlin.com\/sl\/wp-json\/wp\/v2\/pages\/357\/revisions\/2058"}],"wp:featuredmedia":[{"embeddable":true,"href":"https:\/\/vitapeterlin.com\/sl\/wp-json\/wp\/v2\/media\/2054"}],"wp:attachment":[{"href":"https:\/\/vitapeterlin.com\/sl\/wp-json\/wp\/v2\/media?parent=357"}],"curies":[{"name":"wp","href":"https:\/\/api.w.org\/{rel}","templated":true}]}}