{"id":2214,"date":"2024-12-20T13:56:29","date_gmt":"2024-12-20T11:56:29","guid":{"rendered":"https:\/\/vitapeterlin.com\/de\/?page_id=2214"},"modified":"2026-01-30T11:48:00","modified_gmt":"2026-01-30T09:48:00","slug":"duo-vita-lara","status":"publish","type":"page","link":"https:\/\/vitapeterlin.com\/sl\/duo-vita-lara\/","title":{"rendered":"Duo Vita &#038; Lara"},"content":{"rendered":"\n<div class=\"wp-block-uagb-container duo-container-top uagb-block-91b00d70 alignfull uagb-is-root-container\"><div class=\"uagb-container-inner-blocks-wrap\">\n<div data-aos= \"fade-up\" data-aos-duration=\"400\" data-aos-delay=\"0\" data-aos-easing=\"ease\" data-aos-once=\"true\" class=\"wp-block-uagb-container uagb-layout-grid uagb-block-ebce0a3f\">\n<div class=\"wp-block-uagb-image aligncenter uagb-block-72aac24c wp-block-uagb-image--layout-default wp-block-uagb-image--effect-static wp-block-uagb-image--align-center\"><figure class=\"wp-block-uagb-image__figure\"><img decoding=\"async\" srcset=\"https:\/\/vitapeterlin.com\/wp-content\/uploads\/2025\/01\/IMG_2482_websize-min-1024x682.jpg ,https:\/\/vitapeterlin.com\/wp-content\/uploads\/2025\/01\/IMG_2482_websize-min.jpg 780w, https:\/\/vitapeterlin.com\/wp-content\/uploads\/2025\/01\/IMG_2482_websize-min.jpg 360w\" sizes=\"auto, (max-width: 480px) 150px\" src=\"https:\/\/vitapeterlin.com\/wp-content\/uploads\/2025\/01\/IMG_2482_websize-min-1024x682.jpg\" alt=\"\" class=\"uag-image-2287\" width=\"511\" height=\"500\" title=\"IMG_2482_websize-min\" loading=\"lazy\" role=\"img\"\/><\/figure><\/div>\n\n\n\n<div class=\"wp-block-uagb-info-box uagb-block-aaf65ba2 uagb-infobox__content-wrap  uagb-infobox-icon-above-title uagb-infobox-image-valign-top wp-block-uagb-info-box--has-margin\"><div class=\"uagb-infobox-margin-wrapper\"><div class=\"uagb-ifb-content\"><div class=\"uagb-ifb-title-wrap\"><h1 class=\"uagb-ifb-title\">Duo Vita &#038; Lara<\/h1><\/div><div class=\"uagb-ifb-separator\"><\/div><p class=\"uagb-ifb-desc\">Duo Vita &#038; Lara je prefinjeno glasbeno sodelovanje med violon\u010delistko Vito Furman Peterlin in harfistko Laro Hrastnik Samec, ki ponuja elegantno in nepozabno glasbeno do\u017eivetje za poroke in dogodke. V zadnjih nekaj letih sta s svojo glasbo polep\u0161ali \u0161tevilne poroke in druge dogodke, kjer sta s harmoni\u010dno kombinacijo violon\u010dela in harfe o\u010darali ob\u010dinstvo po Sloveniji in Avstriji. Njuna glasba izra\u017ea romantiko in prefinjenost, ki ustvarja popolno vzdu\u0161je za poro\u010dne obrede in sprejeme. Duo Vita &#038; Lara prilagodita repertoar \u017eeljam vsakega para, pri \u010demer izvajata vse od klasi\u010dnih mojstrovin in romanti\u010dnih melodij do sodobnih uspe\u0161nic, s \u010dimer poskrbita, da je vsak dogodek edinstven in nepozaben.<\/p><\/div><\/div><\/div>\n<\/div>\n\n\n\n<div class=\"wp-block-uagb-container uag-blocks-common-selector uagb-block-4e4a53fd\">\n<div class=\"wp-block-columns is-layout-flex wp-container-core-columns-is-layout-28f84493 wp-block-columns-is-layout-flex\">\n<div class=\"wp-block-column is-layout-flow wp-block-column-is-layout-flow\">\n<figure class=\"wp-block-embed is-type-video is-provider-youtube wp-block-embed-youtube wp-embed-aspect-16-9 wp-has-aspect-ratio\"><div class=\"wp-block-embed__wrapper\">\n<div class=\"ast-oembed-container \" style=\"height: 100%;\"><iframe loading=\"lazy\" title=\"Saint-Sa\u00ebns - Swan (Vita &amp; Lara)\" width=\"500\" height=\"281\" src=\"https:\/\/www.youtube.com\/embed\/h78YVS4marM?feature=oembed\" frameborder=\"0\" allow=\"accelerometer; autoplay; clipboard-write; encrypted-media; gyroscope; picture-in-picture; web-share\" referrerpolicy=\"strict-origin-when-cross-origin\" allowfullscreen><\/iframe><\/div>\n<\/div><\/figure>\n<\/div>\n<\/div>\n<\/div>\n<\/div><\/div>\n\n\n\n<div class=\"wp-block-uagb-container uagb-block-85e781a6 alignwide uagb-is-root-container\"><div class=\"pgc-sgb-cb wp-block-pgcsimplygalleryblock-slider \" data-gallery-id=\"2a624743\" style=\"min-height:380px\"><div class=\"sgb-preloader\" id=\"pr_2a624743\">\n\t<div class=\"sgb-square\" style=\"background:#d4d4d4\"><\/div>\n\t<div class=\"sgb-square\" style=\"background:#d4d4d4\"><\/div>\n\t<div class=\"sgb-square\" style=\"background:#d4d4d4\"><\/div>\n\t<div class=\"sgb-square\" style=\"background:#d4d4d4\"><\/div><\/div><div class=\"simply-gallery-amp pgc_sgb_slider \" style=\"display: none;\"><div class=\"sgb-gallery\"><div class=\"sgb-item\"><video preload=\"none\" poster=\"https:\/\/vitapeterlin.com\/wp-content\/uploads\/2024\/11\/salutdamour-preview.jpg\" src=\"https:\/\/vitapeterlin.com\/wp-content\/uploads\/2024\/11\/salutdamore.mp4\"><\/video><\/div><div class=\"sgb-item\"><video preload=\"none\" poster=\"https:\/\/vitapeterlin.com\/wp-content\/uploads\/2024\/11\/FromThisMoment-preview.jpg\" src=\"https:\/\/vitapeterlin.com\/wp-content\/uploads\/2024\/11\/fromThisMoment.mp4\"><\/video><\/div><div class=\"sgb-item\"><video preload=\"none\" poster=\"https:\/\/vitapeterlin.com\/wp-content\/uploads\/2024\/11\/hallelujah-preview.jpg\" src=\"https:\/\/vitapeterlin.com\/wp-content\/uploads\/2024\/11\/hallelujah.mp4\"><\/video><\/div><div class=\"sgb-item\"><video preload=\"none\" poster=\"https:\/\/vitapeterlin.com\/wp-content\/uploads\/2024\/11\/canonD-preview.jpg\" src=\"https:\/\/vitapeterlin.com\/wp-content\/uploads\/2024\/11\/canonInD-1.mp4\"><\/video><\/div><div class=\"sgb-item\"><video preload=\"none\" poster=\"https:\/\/vitapeterlin.com\/wp-content\/uploads\/2024\/11\/AThousandYears-preview.jpg\" src=\"https:\/\/vitapeterlin.com\/wp-content\/uploads\/2024\/11\/tousand.mp4\"><\/video><\/div><\/div><\/div><script type=\"application\/json\" class=\"sgb-data\">{\"collectionThumbRecomendedWidth\":250,\"thumbSpacing\":18,\"collectionthumbRoundedCorners\":20,\"collectionThumbSubMenuDownload\":false,\"sliderMaxHeight\":380,\"sliderAdminWidth\":1200,\"collectionColumns\":4,\"sliderThumbsNavi\":false,\"galleryType\":\"pgc_sgb_slider\",\"galleryId\":\"2a624743\",\"images\":[{\"id\":2240,\"title\":\"salutdamore\",\"url\":\"https:\/\/vitapeterlin.com\/wp-content\/uploads\/2024\/11\/salutdamore.mp4\",\"link\":\"https:\/\/vitapeterlin.com\/de\/?attachment_id=2240\",\"alt\":\"\",\"description\":\"\",\"caption\":\"\",\"mime\":\"video\/mp4\",\"type\":\"video\",\"image\":{\"src\":\"https:\/\/vitapeterlin.com\/wp-content\/uploads\/2024\/11\/salutdamour-preview.jpg\",\"width\":805,\"height\":1006},\"thumb\":{\"src\":\"https:\/\/vitapeterlin.com\/wp-content\/uploads\/2024\/11\/salutdamour-preview-150x150.jpg\",\"width\":150,\"height\":150},\"width\":720,\"height\":900,\"fileLength\":\"0:46\",\"meta\":{\"artist\":false,\"album\":false,\"bitrate\":5983273,\"bitrate_mode\":false},\"postlink\":\"https:\/\/vitapeterlin.com\/de\/?attachment_id=2240\"},{\"id\":2241,\"title\":\"fromThisMoment\",\"url\":\"https:\/\/vitapeterlin.com\/wp-content\/uploads\/2024\/11\/fromThisMoment.mp4\",\"link\":\"https:\/\/vitapeterlin.com\/de\/?attachment_id=2241\",\"alt\":\"\",\"description\":\"\",\"caption\":\"\",\"mime\":\"video\/mp4\",\"type\":\"video\",\"image\":{\"src\":\"https:\/\/vitapeterlin.com\/wp-content\/uploads\/2024\/11\/FromThisMoment-preview.jpg\",\"width\":805,\"height\":1006},\"thumb\":{\"src\":\"https:\/\/vitapeterlin.com\/wp-content\/uploads\/2024\/11\/FromThisMoment-preview-150x150.jpg\",\"width\":150,\"height\":150},\"width\":720,\"height\":900,\"fileLength\":\"0:39\",\"meta\":{\"artist\":false,\"album\":false,\"bitrate\":6092502,\"bitrate_mode\":false},\"postlink\":\"https:\/\/vitapeterlin.com\/de\/?attachment_id=2241\"},{\"id\":2242,\"title\":\"hallelujah\",\"url\":\"https:\/\/vitapeterlin.com\/wp-content\/uploads\/2024\/11\/hallelujah.mp4\",\"link\":\"https:\/\/vitapeterlin.com\/de\/?attachment_id=2242\",\"alt\":\"\",\"description\":\"\",\"caption\":\"\",\"mime\":\"video\/mp4\",\"type\":\"video\",\"image\":{\"src\":\"https:\/\/vitapeterlin.com\/wp-content\/uploads\/2024\/11\/hallelujah-preview.jpg\",\"width\":805,\"height\":1006},\"thumb\":{\"src\":\"https:\/\/vitapeterlin.com\/wp-content\/uploads\/2024\/11\/hallelujah-preview-150x150.jpg\",\"width\":150,\"height\":150},\"width\":720,\"height\":900,\"fileLength\":\"0:40\",\"meta\":{\"artist\":false,\"album\":false,\"bitrate\":5990199,\"bitrate_mode\":false},\"postlink\":\"https:\/\/vitapeterlin.com\/de\/?attachment_id=2242\"},{\"id\":2243,\"title\":\"canonInD (1)\",\"url\":\"https:\/\/vitapeterlin.com\/wp-content\/uploads\/2024\/11\/canonInD-1.mp4\",\"link\":\"https:\/\/vitapeterlin.com\/de\/?attachment_id=2243\",\"alt\":\"\",\"description\":\"\",\"caption\":\"\",\"mime\":\"video\/mp4\",\"type\":\"video\",\"image\":{\"src\":\"https:\/\/vitapeterlin.com\/wp-content\/uploads\/2024\/11\/canonD-preview.jpg\",\"width\":805,\"height\":1006},\"thumb\":{\"src\":\"https:\/\/vitapeterlin.com\/wp-content\/uploads\/2024\/11\/canonD-preview-150x150.jpg\",\"width\":150,\"height\":150},\"width\":720,\"height\":900,\"fileLength\":\"0:37\",\"meta\":{\"artist\":false,\"album\":false,\"bitrate\":3326724,\"bitrate_mode\":false},\"postlink\":\"https:\/\/vitapeterlin.com\/de\/?attachment_id=2243\"},{\"id\":2239,\"title\":\"tousand\",\"url\":\"https:\/\/vitapeterlin.com\/wp-content\/uploads\/2024\/11\/tousand.mp4\",\"link\":\"https:\/\/vitapeterlin.com\/de\/?attachment_id=2239\",\"alt\":\"\",\"description\":\"\",\"caption\":\"\",\"mime\":\"video\/mp4\",\"type\":\"video\",\"image\":{\"src\":\"https:\/\/vitapeterlin.com\/wp-content\/uploads\/2024\/11\/AThousandYears-preview.jpg\",\"width\":805,\"height\":1006},\"thumb\":{\"src\":\"https:\/\/vitapeterlin.com\/wp-content\/uploads\/2024\/11\/AThousandYears-preview-150x150.jpg\",\"width\":150,\"height\":150},\"width\":720,\"height\":900,\"fileLength\":\"0:30\",\"meta\":{\"artist\":false,\"album\":false,\"bitrate\":6201363,\"bitrate_mode\":false},\"postlink\":\"https:\/\/vitapeterlin.com\/de\/?attachment_id=2239\"}],\"copyRProtection\":true,\"sliderVideoAutoPlay\":true,\"sliderTryPlayNext\":true,\"sliderItemCounterEnable\":false,\"sliderThumbBarEnable\":false,\"sliderSlideshow\":false,\"sliderSocialShareEnabled\":false,\"sliderZoomEnable\":false,\"sliderFullscreenEnabled\":false,\"itemsMetaDataCollection\":[]}<\/script><script>(function(){if(window.PGC_SGB && window.PGC_SGB.searcher){window.PGC_SGB.searcher.initBlocks()}})()<\/script><\/div><\/div>\n\n\n\n<div class=\"wp-block-uagb-container uagb-layout-grid uagb-block-4076897a alignfull uagb-is-root-container\"><div class=\"uagb-container-inner-blocks-wrap\">\n<div class=\"wp-block-uagb-container uagb-block-25e62632\">\n<p>Harfistka Lara Hrastnik Samec, diplomantka Akademije za glasbo v Ljubljani in Mozarteuma v Salzburgu, je priznana glasbenica, ki redno sodeluje z vodilnimi orkestri, kot so Simfoni\u010dni orkester Slovenske filharmonije, Orkester SNG Opera in balet Ljubljana ter Radijski simfoni\u010dni orkester na Dunaju (ORF-RSO) v znameniti dvorani Musikverein. Skupaj z Vito, izku\u0161eno in cenjeno violon\u010delistko, Duo Vita &#038; Lara zdru\u017eujeta tehni\u010dno odli\u010dnost s strastjo do glasbe ter ob\u010dinstvo o\u010darata s svojo umetnostjo in brez\u010dasnim \u0161armom.<\/p>\n\n\n\n<p>Violon\u010delistka Vita Furman Peterlin, znana po svoji izjemni umetni\u0161ki izraznosti in dolgoletni koncertni dejavnosti, redno nastopa z razli\u010dnimi komornimi zasedbami po Sloveniji in Evropi. Ve\u010d o Viti si lahko preberete <span style=\"text-decoration: underline;\"><a href=\"https:\/\/vitapeterlin.com\/sl\/vita\/\" data-type=\"page\" data-id=\"357\">na strani o meni<\/a><\/span>.<\/p>\n\n\n\n<p>Duo Vita &#038; Lara zdru\u017eujeta tehni\u010dno odli\u010dnost s strastjo do glasbe ter ob\u010dinstvo o\u010darata s svojo umetnostjo in brez\u010dasnim \u0161armom. \u010ce i\u0161\u010dete glasbo, ki bo va\u0161 dogodek obogatila z eleganco in toplino, naju <span style=\"text-decoration: underline;\"><a href=\"https:\/\/vitapeterlin.com\/sl\/contact\/\" data-type=\"page\" data-id=\"364\">kontaktirajte <\/a><\/span>\u2013 z veseljem pripraviva neobvezujo\u010do ponudbo in se spoznamo!<br><\/p>\n\n\n\n<p><br><\/p>\n<\/div>\n\n\n\n<figure class=\"wp-block-embed is-type-video is-provider-youtube wp-block-embed-youtube wp-embed-aspect-16-9 wp-has-aspect-ratio\"><div class=\"wp-block-embed__wrapper\">\n<div class=\"ast-oembed-container \" style=\"height: 100%;\"><iframe loading=\"lazy\" title=\"Bach\/Gounod - Ave Maria (Vita &amp; Lara)\" width=\"500\" height=\"281\" src=\"https:\/\/www.youtube.com\/embed\/L-LMSKJMMLc?feature=oembed\" frameborder=\"0\" allow=\"accelerometer; autoplay; clipboard-write; encrypted-media; gyroscope; picture-in-picture; web-share\" referrerpolicy=\"strict-origin-when-cross-origin\" allowfullscreen><\/iframe><\/div>\n<\/div><\/figure>\n<\/div><\/div>\n\n\n\n<div class=\"wp-block-uagb-container uagb-block-bf7710b4 alignfull uagb-is-root-container\"><div class=\"uagb-container-inner-blocks-wrap\">\n<figure class=\"wp-block-gallery has-nested-images columns-5 is-cropped wp-block-gallery-1 is-layout-flex wp-block-gallery-is-layout-flex\">\n<figure class=\"wp-block-image size-full\"><a href=\"https:\/\/vitapeterlin.com\/wp-content\/uploads\/2025\/01\/20220728_163427-min-scaled.jpg\"><img loading=\"lazy\" decoding=\"async\" width=\"1913\" height=\"2560\" data-id=\"2279\" src=\"https:\/\/vitapeterlin.com\/wp-content\/uploads\/2025\/01\/20220728_163427-min-scaled.jpg\" alt=\"\" class=\"wp-image-2279\" srcset=\"https:\/\/vitapeterlin.com\/wp-content\/uploads\/2025\/01\/20220728_163427-min-scaled.jpg 1913w, https:\/\/vitapeterlin.com\/wp-content\/uploads\/2025\/01\/20220728_163427-min-224x300.jpg 224w, https:\/\/vitapeterlin.com\/wp-content\/uploads\/2025\/01\/20220728_163427-min-765x1024.jpg 765w, https:\/\/vitapeterlin.com\/wp-content\/uploads\/2025\/01\/20220728_163427-min-768x1028.jpg 768w, https:\/\/vitapeterlin.com\/wp-content\/uploads\/2025\/01\/20220728_163427-min-1148x1536.jpg 1148w, https:\/\/vitapeterlin.com\/wp-content\/uploads\/2025\/01\/20220728_163427-min-1531x2048.jpg 1531w\" sizes=\"auto, (max-width: 1913px) 100vw, 1913px\" \/><\/a><\/figure>\n\n\n\n<figure class=\"wp-block-image size-large\"><a href=\"https:\/\/vitapeterlin.com\/wp-content\/uploads\/2025\/01\/PXL_20240719_153635667-min-scaled.jpg\"><img loading=\"lazy\" decoding=\"async\" width=\"768\" height=\"1024\" data-id=\"2282\" src=\"https:\/\/vitapeterlin.com\/wp-content\/uploads\/2025\/01\/PXL_20240719_153635667-min-768x1024.jpg\" alt=\"\" class=\"wp-image-2282\" srcset=\"https:\/\/vitapeterlin.com\/wp-content\/uploads\/2025\/01\/PXL_20240719_153635667-min-768x1024.jpg 768w, https:\/\/vitapeterlin.com\/wp-content\/uploads\/2025\/01\/PXL_20240719_153635667-min-225x300.jpg 225w, https:\/\/vitapeterlin.com\/wp-content\/uploads\/2025\/01\/PXL_20240719_153635667-min-1152x1536.jpg 1152w, https:\/\/vitapeterlin.com\/wp-content\/uploads\/2025\/01\/PXL_20240719_153635667-min-1536x2048.jpg 1536w, https:\/\/vitapeterlin.com\/wp-content\/uploads\/2025\/01\/PXL_20240719_153635667-min-scaled.jpg 1920w\" sizes=\"auto, (max-width: 768px) 100vw, 768px\" \/><\/a><\/figure>\n\n\n\n<figure class=\"wp-block-image size-large\"><a href=\"https:\/\/vitapeterlin.com\/wp-content\/uploads\/2025\/01\/PXL_20240824_114352533-min-scaled.jpg\"><img loading=\"lazy\" decoding=\"async\" width=\"769\" height=\"1024\" data-id=\"2283\" src=\"https:\/\/vitapeterlin.com\/wp-content\/uploads\/2025\/01\/PXL_20240824_114352533-min-769x1024.jpg\" alt=\"\" class=\"wp-image-2283\" srcset=\"https:\/\/vitapeterlin.com\/wp-content\/uploads\/2025\/01\/PXL_20240824_114352533-min-769x1024.jpg 769w, https:\/\/vitapeterlin.com\/wp-content\/uploads\/2025\/01\/PXL_20240824_114352533-min-225x300.jpg 225w, https:\/\/vitapeterlin.com\/wp-content\/uploads\/2025\/01\/PXL_20240824_114352533-min-768x1022.jpg 768w, https:\/\/vitapeterlin.com\/wp-content\/uploads\/2025\/01\/PXL_20240824_114352533-min-1154x1536.jpg 1154w, https:\/\/vitapeterlin.com\/wp-content\/uploads\/2025\/01\/PXL_20240824_114352533-min-1538x2048.jpg 1538w, https:\/\/vitapeterlin.com\/wp-content\/uploads\/2025\/01\/PXL_20240824_114352533-min-scaled.jpg 1923w\" sizes=\"auto, (max-width: 769px) 100vw, 769px\" \/><\/a><\/figure>\n\n\n\n<figure class=\"wp-block-image size-large\"><a href=\"https:\/\/vitapeterlin.com\/wp-content\/uploads\/2025\/01\/image-min-1-scaled.jpg\"><img loading=\"lazy\" decoding=\"async\" width=\"768\" height=\"1024\" data-id=\"2284\" src=\"https:\/\/vitapeterlin.com\/wp-content\/uploads\/2025\/01\/image-min-1-768x1024.jpg\" alt=\"\" class=\"wp-image-2284\" srcset=\"https:\/\/vitapeterlin.com\/wp-content\/uploads\/2025\/01\/image-min-1-768x1024.jpg 768w, https:\/\/vitapeterlin.com\/wp-content\/uploads\/2025\/01\/image-min-1-225x300.jpg 225w, https:\/\/vitapeterlin.com\/wp-content\/uploads\/2025\/01\/image-min-1-1152x1536.jpg 1152w, https:\/\/vitapeterlin.com\/wp-content\/uploads\/2025\/01\/image-min-1-1536x2048.jpg 1536w, https:\/\/vitapeterlin.com\/wp-content\/uploads\/2025\/01\/image-min-1-scaled.jpg 1920w\" sizes=\"auto, (max-width: 768px) 100vw, 768px\" \/><\/a><\/figure>\n\n\n\n<figure class=\"wp-block-image size-large\"><a href=\"https:\/\/vitapeterlin.com\/wp-content\/uploads\/2025\/01\/PXL_20240912_122543739-min-scaled.jpg\"><img loading=\"lazy\" decoding=\"async\" width=\"768\" height=\"1024\" data-id=\"2285\" src=\"https:\/\/vitapeterlin.com\/wp-content\/uploads\/2025\/01\/PXL_20240912_122543739-min-768x1024.jpg\" alt=\"\" class=\"wp-image-2285\" srcset=\"https:\/\/vitapeterlin.com\/wp-content\/uploads\/2025\/01\/PXL_20240912_122543739-min-768x1024.jpg 768w, https:\/\/vitapeterlin.com\/wp-content\/uploads\/2025\/01\/PXL_20240912_122543739-min-225x300.jpg 225w, https:\/\/vitapeterlin.com\/wp-content\/uploads\/2025\/01\/PXL_20240912_122543739-min-1152x1536.jpg 1152w, https:\/\/vitapeterlin.com\/wp-content\/uploads\/2025\/01\/PXL_20240912_122543739-min-1536x2048.jpg 1536w, https:\/\/vitapeterlin.com\/wp-content\/uploads\/2025\/01\/PXL_20240912_122543739-min-scaled.jpg 1920w\" sizes=\"auto, (max-width: 768px) 100vw, 768px\" \/><\/a><\/figure>\n\n\n\n<figure class=\"wp-block-image size-large\"><a href=\"https:\/\/vitapeterlin.com\/wp-content\/uploads\/2025\/01\/IMG_2482_websize-min.jpg\"><img loading=\"lazy\" decoding=\"async\" width=\"1024\" height=\"682\" data-id=\"2287\" src=\"https:\/\/vitapeterlin.com\/wp-content\/uploads\/2025\/01\/IMG_2482_websize-min-1024x682.jpg\" alt=\"\" class=\"wp-image-2287\" srcset=\"https:\/\/vitapeterlin.com\/wp-content\/uploads\/2025\/01\/IMG_2482_websize-min-1024x682.jpg 1024w, https:\/\/vitapeterlin.com\/wp-content\/uploads\/2025\/01\/IMG_2482_websize-min-300x200.jpg 300w, https:\/\/vitapeterlin.com\/wp-content\/uploads\/2025\/01\/IMG_2482_websize-min-768x512.jpg 768w, https:\/\/vitapeterlin.com\/wp-content\/uploads\/2025\/01\/IMG_2482_websize-min-1536x1023.jpg 1536w, https:\/\/vitapeterlin.com\/wp-content\/uploads\/2025\/01\/IMG_2482_websize-min.jpg 1600w\" sizes=\"auto, (max-width: 1024px) 100vw, 1024px\" \/><\/a><\/figure>\n\n\n\n<figure class=\"wp-block-image size-full\"><a href=\"https:\/\/vitapeterlin.com\/wp-content\/uploads\/2025\/01\/PHOTO-2024-11-19-22-14-46.jpg\"><img loading=\"lazy\" decoding=\"async\" width=\"900\" height=\"1600\" data-id=\"2286\" src=\"https:\/\/vitapeterlin.com\/wp-content\/uploads\/2025\/01\/PHOTO-2024-11-19-22-14-46.jpg\" alt=\"\" class=\"wp-image-2286\" srcset=\"https:\/\/vitapeterlin.com\/wp-content\/uploads\/2025\/01\/PHOTO-2024-11-19-22-14-46.jpg 900w, https:\/\/vitapeterlin.com\/wp-content\/uploads\/2025\/01\/PHOTO-2024-11-19-22-14-46-169x300.jpg 169w, https:\/\/vitapeterlin.com\/wp-content\/uploads\/2025\/01\/PHOTO-2024-11-19-22-14-46-576x1024.jpg 576w, https:\/\/vitapeterlin.com\/wp-content\/uploads\/2025\/01\/PHOTO-2024-11-19-22-14-46-768x1365.jpg 768w, https:\/\/vitapeterlin.com\/wp-content\/uploads\/2025\/01\/PHOTO-2024-11-19-22-14-46-864x1536.jpg 864w\" sizes=\"auto, (max-width: 900px) 100vw, 900px\" \/><\/a><\/figure>\n\n\n\n<figure class=\"wp-block-image size-large\"><a href=\"https:\/\/vitapeterlin.com\/wp-content\/uploads\/2025\/01\/PXL_20230826_145034234-min-scaled.jpg\"><img loading=\"lazy\" decoding=\"async\" width=\"769\" height=\"1024\" data-id=\"2288\" src=\"https:\/\/vitapeterlin.com\/wp-content\/uploads\/2025\/01\/PXL_20230826_145034234-min-769x1024.jpg\" alt=\"\" class=\"wp-image-2288\" srcset=\"https:\/\/vitapeterlin.com\/wp-content\/uploads\/2025\/01\/PXL_20230826_145034234-min-769x1024.jpg 769w, https:\/\/vitapeterlin.com\/wp-content\/uploads\/2025\/01\/PXL_20230826_145034234-min-225x300.jpg 225w, https:\/\/vitapeterlin.com\/wp-content\/uploads\/2025\/01\/PXL_20230826_145034234-min-768x1022.jpg 768w, https:\/\/vitapeterlin.com\/wp-content\/uploads\/2025\/01\/PXL_20230826_145034234-min-1154x1536.jpg 1154w, https:\/\/vitapeterlin.com\/wp-content\/uploads\/2025\/01\/PXL_20230826_145034234-min-1538x2048.jpg 1538w, https:\/\/vitapeterlin.com\/wp-content\/uploads\/2025\/01\/PXL_20230826_145034234-min-scaled.jpg 1923w\" sizes=\"auto, (max-width: 769px) 100vw, 769px\" \/><\/a><\/figure>\n\n\n\n<figure class=\"wp-block-image size-full\"><a href=\"https:\/\/vitapeterlin.com\/wp-content\/uploads\/2025\/01\/IMG_9833_websize-min.jpg\"><img loading=\"lazy\" decoding=\"async\" width=\"996\" height=\"664\" data-id=\"2289\" src=\"https:\/\/vitapeterlin.com\/wp-content\/uploads\/2025\/01\/IMG_9833_websize-min.jpg\" alt=\"\" class=\"wp-image-2289\" srcset=\"https:\/\/vitapeterlin.com\/wp-content\/uploads\/2025\/01\/IMG_9833_websize-min.jpg 996w, https:\/\/vitapeterlin.com\/wp-content\/uploads\/2025\/01\/IMG_9833_websize-min-300x200.jpg 300w, https:\/\/vitapeterlin.com\/wp-content\/uploads\/2025\/01\/IMG_9833_websize-min-768x512.jpg 768w\" sizes=\"auto, (max-width: 996px) 100vw, 996px\" \/><\/a><\/figure>\n\n\n\n<figure class=\"wp-block-image size-large\"><a href=\"https:\/\/vitapeterlin.com\/wp-content\/uploads\/2025\/01\/PXL_20230826_1259495692-min.jpg\"><img loading=\"lazy\" decoding=\"async\" width=\"849\" height=\"1024\" data-id=\"2290\" src=\"https:\/\/vitapeterlin.com\/wp-content\/uploads\/2025\/01\/PXL_20230826_1259495692-min-849x1024.jpg\" alt=\"\" class=\"wp-image-2290\" srcset=\"https:\/\/vitapeterlin.com\/wp-content\/uploads\/2025\/01\/PXL_20230826_1259495692-min-849x1024.jpg 849w, https:\/\/vitapeterlin.com\/wp-content\/uploads\/2025\/01\/PXL_20230826_1259495692-min-249x300.jpg 249w, https:\/\/vitapeterlin.com\/wp-content\/uploads\/2025\/01\/PXL_20230826_1259495692-min-768x927.jpg 768w, https:\/\/vitapeterlin.com\/wp-content\/uploads\/2025\/01\/PXL_20230826_1259495692-min-1273x1536.jpg 1273w, https:\/\/vitapeterlin.com\/wp-content\/uploads\/2025\/01\/PXL_20230826_1259495692-min-1697x2048.jpg 1697w, https:\/\/vitapeterlin.com\/wp-content\/uploads\/2025\/01\/PXL_20230826_1259495692-min.jpg 1936w\" sizes=\"auto, (max-width: 849px) 100vw, 849px\" \/><\/a><\/figure>\n<\/figure>\n<\/div><\/div>\n\n\n\n<p><\/p>\n","protected":false},"excerpt":{"rendered":"<p>Harfistka Lara Hrastnik Samec, diplomantka Akademije za glasbo v Ljubljani in Mozarteuma v Salzburgu, je priznana glasbenica, ki redno sodeluje z vodilnimi orkestri, kot so Simfoni\u010dni orkester Slovenske filharmonije, Orkester [&hellip;]<\/p>\n","protected":false},"author":1,"featured_media":0,"parent":0,"menu_order":0,"comment_status":"closed","ping_status":"closed","template":"","meta":{"_uag_custom_page_level_css":"","site-sidebar-layout":"no-sidebar","site-content-layout":"page-builder","ast-site-content-layout":"full-width-container","site-content-style":"unboxed","site-sidebar-style":"unboxed","ast-global-header-display":"","ast-banner-title-visibility":"","ast-main-header-display":"","ast-hfb-above-header-display":"","ast-hfb-below-header-display":"","ast-hfb-mobile-header-display":"","site-post-title":"disabled","ast-breadcrumbs-content":"","ast-featured-img":"disabled","footer-sml-layout":"","theme-transparent-header-meta":"enabled","adv-header-id-meta":"","stick-header-meta":"","header-above-stick-meta":"","header-main-stick-meta":"","header-below-stick-meta":"","astra-migrate-meta-layouts":"set","ast-page-background-enabled":"default","ast-page-background-meta":{"desktop":{"background-color":"","background-image":"","background-repeat":"repeat","background-position":"center center","background-size":"auto","background-attachment":"scroll","background-type":"","background-media":"","overlay-type":"","overlay-color":"","overlay-opacity":"","overlay-gradient":""},"tablet":{"background-color":"","background-image":"","background-repeat":"repeat","background-position":"center center","background-size":"auto","background-attachment":"scroll","background-type":"","background-media":"","overlay-type":"","overlay-color":"","overlay-opacity":"","overlay-gradient":""},"mobile":{"background-color":"","background-image":"","background-repeat":"repeat","background-position":"center center","background-size":"auto","background-attachment":"scroll","background-type":"","background-media":"","overlay-type":"","overlay-color":"","overlay-opacity":"","overlay-gradient":""}},"ast-content-background-meta":{"desktop":{"background-color":"var(--ast-global-color-5)","background-image":"","background-repeat":"repeat","background-position":"center center","background-size":"auto","background-attachment":"scroll","background-type":"","background-media":"","overlay-type":"","overlay-color":"","overlay-opacity":"","overlay-gradient":""},"tablet":{"background-color":"var(--ast-global-color-5)","background-image":"","background-repeat":"repeat","background-position":"center center","background-size":"auto","background-attachment":"scroll","background-type":"","background-media":"","overlay-type":"","overlay-color":"","overlay-opacity":"","overlay-gradient":""},"mobile":{"background-color":"var(--ast-global-color-5)","background-image":"","background-repeat":"repeat","background-position":"center center","background-size":"auto","background-attachment":"scroll","background-type":"","background-media":"","overlay-type":"","overlay-color":"","overlay-opacity":"","overlay-gradient":""}},"pgc_sgb_lightbox_settings":"","footnotes":""},"class_list":["post-2214","page","type-page","status-publish","hentry"],"uagb_featured_image_src":{"full":false,"thumbnail":false,"medium":false,"medium_large":false,"large":false,"1536x1536":false,"2048x2048":false},"uagb_author_info":{"display_name":"admin","author_link":"https:\/\/vitapeterlin.com\/sl\/author\/admin\/"},"uagb_comment_info":0,"uagb_excerpt":"Harfistka Lara Hrastnik Samec, diplomantka Akademije za glasbo v Ljubljani in Mozarteuma v Salzburgu, je priznana glasbenica, ki redno sodeluje z vodilnimi orkestri, kot so Simfoni\u010dni orkester Slovenske filharmonije, Orkester [&hellip;]","_links":{"self":[{"href":"https:\/\/vitapeterlin.com\/sl\/wp-json\/wp\/v2\/pages\/2214","targetHints":{"allow":["GET"]}}],"collection":[{"href":"https:\/\/vitapeterlin.com\/sl\/wp-json\/wp\/v2\/pages"}],"about":[{"href":"https:\/\/vitapeterlin.com\/sl\/wp-json\/wp\/v2\/types\/page"}],"author":[{"embeddable":true,"href":"https:\/\/vitapeterlin.com\/sl\/wp-json\/wp\/v2\/users\/1"}],"replies":[{"embeddable":true,"href":"https:\/\/vitapeterlin.com\/sl\/wp-json\/wp\/v2\/comments?post=2214"}],"version-history":[{"count":54,"href":"https:\/\/vitapeterlin.com\/sl\/wp-json\/wp\/v2\/pages\/2214\/revisions"}],"predecessor-version":[{"id":2449,"href":"https:\/\/vitapeterlin.com\/sl\/wp-json\/wp\/v2\/pages\/2214\/revisions\/2449"}],"wp:attachment":[{"href":"https:\/\/vitapeterlin.com\/sl\/wp-json\/wp\/v2\/media?parent=2214"}],"curies":[{"name":"wp","href":"https:\/\/api.w.org\/{rel}","templated":true}]}}