{"id":2141,"date":"2024-11-20T22:38:37","date_gmt":"2024-11-20T20:38:37","guid":{"rendered":"https:\/\/vitapeterlin.com\/sl\/?page_id=2141"},"modified":"2025-12-09T10:50:47","modified_gmt":"2025-12-09T08:50:47","slug":"projects","status":"publish","type":"page","link":"https:\/\/vitapeterlin.com\/sl\/projects\/","title":{"rendered":"Projekti"},"content":{"rendered":"\n<div class=\"wp-block-uagb-container uagb-layout-flex uagb-block-bd5ccdb4 alignfull uagb-is-root-container\"><div class=\"uagb-container-inner-blocks-wrap\">\n<div class=\"wp-block-uagb-container uagb-block-52c0f270\">\n<div class=\"wp-block-uagb-advanced-heading uagb-block-1dbf61b2\"><h1 class=\"uagb-heading-text\">Projekti<\/h1><\/div>\n<\/div>\n\n\n\n<blockquote class=\"wp-block-quote is-layout-flow wp-block-quote-is-layout-flow\">\n<p>Odkrijte raznolike glasbene projekte, pri katerih sodelujem in jih vodim, ter prina\u0161am izjemno \u017eivo glasbo za poroke, poslovne dogodke in klasi\u010dne koncerte po Sloveniji in Evropi. Od o\u010darljive kombinacije violon\u010dela in harfe do dinami\u010dnih komornih zasedb \u2013 vsaka skupina zdru\u017euje umetni\u0161ko odli\u010dnost in vsestranskost, ustvarjajo\u010d nepozabne trenutke.<\/p>\n<\/blockquote>\n<\/div><\/div>\n\n\n\n<div class=\"wp-block-uagb-container uagb-block-481e6fb6 alignfull uagb-is-root-container\"><div class=\"uagb-container-inner-blocks-wrap\">\n<div class=\"wp-block-uagb-container uagb-block-d297e534\">\n<div class=\"wp-block-uagb-container uagb-block-f5807b0a\"><\/div>\n\n\n\n<div class=\"wp-block-uagb-container uagb-block-8c46e37b\">\n<div class=\"wp-block-uagb-info-box uagb-block-698c0d75 uagb-infobox__content-wrap  uagb-infobox-icon-above-title uagb-infobox-image-valign-top wp-block-uagb-info-box--has-margin\"><div class=\"uagb-infobox-margin-wrapper\"><div class=\"uagb-ifb-content\"><div class=\"uagb-ifb-title-wrap\"><h6 class=\"uagb-ifb-title-prefix\"><strong>Violon\u010delo &#038; Harfa<\/strong><\/h6><h2 class=\"uagb-ifb-title\">Duo Vita &#038; Lara<\/h2><\/div><div class=\"uagb-ifb-separator\"><\/div><p class=\"uagb-ifb-desc\">Eleganten, romanti\u010den in brez\u010dasen \u2013 Duo Vita &#038; Lara poskrbi za o\u010darljivo vzdu\u0161je na porokah in dogodkih po vsej Sloveniji. S prilagodljivim repertoarjem, ki vklju\u010duje klasi\u010dno, romanti\u010dno in pop glasbo, sta predana ustvarjanju nepozabnih trenutkov. Poudarki vklju\u010dujejo nastope na Bledu, v Kranjski Gori in Ljubljani, kjer igrata tako za lokalne kot mednarodne goste. Glasbene \u017eelje prilagodita va\u0161im potrebam.<\/p><div class=\"uagb-ifb-button-wrapper wp-block-button\"><a href=\"https:\/\/vitapeterlin.com\/sl\/duo-vita-lara\/\" class=\"uagb-infobox-cta-link wp-block-button__link\" target=\"_self\" rel=\"noopener noreferrer\" onclick=\"return true;\"><span class=\"uagb-inline-editing\">Ve\u010d<\/span><\/a><\/div><\/div><\/div><\/div>\n<\/div>\n<\/div>\n\n\n\n<div class=\"wp-block-uagb-container uagb-block-9c53e598\">\n<div class=\"wp-block-uagb-container uagb-block-8e9dfd59\"><\/div>\n\n\n\n<div class=\"wp-block-uagb-container uagb-block-e39a16bb\">\n<div class=\"wp-block-uagb-info-box uagb-block-bed0c8df uagb-infobox__content-wrap  uagb-infobox-icon-above-title uagb-infobox-image-valign-top wp-block-uagb-info-box--has-margin\"><div class=\"uagb-infobox-margin-wrapper\"><div class=\"uagb-ifb-content\"><div class=\"uagb-ifb-title-wrap\"><h6 class=\"uagb-ifb-title-prefix\"><strong>Klavirski Trio<\/strong><\/h6><h2 class=\"uagb-ifb-title\"><strong>Trio Soloway<\/strong><\/h2><\/div><div class=\"uagb-ifb-separator\"><\/div><p class=\"uagb-ifb-desc\">Ustanovljen leta 2015, Trio Soloway zdru\u017euje tri vrhunske glasbenike: Oleno Miso (klavir, Ukrajina), Andriia Uhraka (violina, Ukrajina) in Vita Furman Peterlin (violon\u010delo, Slovenija). Znani so po svoji izrazni umetnosti, ki jim je prinesla presti\u017ene nagrade, kot sta \u00bbF\u00f6rderstipendium in Gold\u00ab in \u00bbF\u00f6rderstipendium in Silber\u00ab fundacije Martha-Debelli-Stiftung. S koncerti po Evropi in posnetki, ki jih predvaja ORF1, njihov repertoar vklju\u010duje brez\u010dasna klasi\u010dna dela Schuberta in Arenskega. Ime \u2018Soloway\u2019 simbolizira lepoto slav\u010devega petja.<\/p><\/div><\/div><\/div>\n<\/div>\n<\/div>\n\n\n\n<div class=\"wp-block-uagb-container uagb-block-30acc15b\">\n<div class=\"wp-block-uagb-container uagb-block-7fd30368\"><\/div>\n\n\n\n<div class=\"wp-block-uagb-container uagb-block-0576fbfd\">\n<div class=\"wp-block-uagb-info-box uagb-block-b56a5ea5 uagb-infobox__content-wrap  uagb-infobox-icon-above-title uagb-infobox-image-valign-top wp-block-uagb-info-box--has-margin\"><div class=\"uagb-infobox-margin-wrapper\"><div class=\"uagb-ifb-content\"><div class=\"uagb-ifb-title-wrap\"><h6 class=\"uagb-ifb-title-prefix\"><strong>Violon\u010delo &#038; Harmonika<\/strong><\/h6><h2 class=\"uagb-ifb-title\"><strong>Duo Vita &#038; \u017dan<\/strong><\/h2><\/div><div class=\"uagb-ifb-separator\"><\/div><p class=\"uagb-ifb-desc\">Duo Vita &#038; \u017dan prina\u0161a edinstven zvok, ki ob\u010dinstvo o\u010dara s spojem violon\u010dela in harmonike. Od renesan\u010dnih mojstrovin do sodobne glasbe njihovi nastopi odsevajo strast in inovativnost. S sodelovanji na presti\u017enih festivalih po Evropi so popolni tako za intimne koncerte kot za edinstvene dogodke.<\/p><div class=\"uagb-ifb-button-wrapper wp-block-button\"><a href=\"https:\/\/vitapeterlin.com\/sl\/vita-zan\/\" class=\"uagb-infobox-cta-link wp-block-button__link\" target=\"_self\" rel=\"noopener noreferrer\" onclick=\"return true;\"><span class=\"uagb-inline-editing\">Ve\u010d<\/span><\/a><\/div><\/div><\/div><\/div>\n<\/div>\n<\/div>\n\n\n\n<div class=\"wp-block-uagb-container uagb-block-fc84783e\">\n<div class=\"wp-block-uagb-container uagb-block-dcc79176\"><\/div>\n\n\n\n<div class=\"wp-block-uagb-container uagb-block-26b83e48\">\n<div class=\"wp-block-uagb-info-box uagb-block-07f52ab1 uagb-infobox__content-wrap  uagb-infobox-icon-above-title uagb-infobox-image-valign-top wp-block-uagb-info-box--has-margin\"><div class=\"uagb-infobox-margin-wrapper\"><div class=\"uagb-ifb-content\"><div class=\"uagb-ifb-title-wrap\"><h6 class=\"uagb-ifb-title-prefix\"><strong>Violon\u010delo &#038; Violina<\/strong><\/h6><h2 class=\"uagb-ifb-title\"><strong>Duo Veris<\/strong><\/h2><\/div><div class=\"uagb-ifb-separator\"><\/div><p class=\"uagb-ifb-desc\">Duo Veris zdru\u017euje violinistko Veroniko Vilar Brecelj in violon\u010delistko Vito Furman Peterlin v strastnem raziskovanju repertoarja za violino in violon\u010delo. Z nastopi po Sloveniji in Evropi prina\u0161ata prefinjeno umetni\u0161ko noto na klasi\u010dne koncerte, pa tudi eleganco na poroke in dogodke. Med dose\u017eki izstopata posnetka Castillo Interior P\u0113terisa Vasksa in Beethovnovega Dua v C-duru. V prihodnosti na\u010drtujeta serijo koncertov, s katero \u017eelita \u0161iriti ljubezen do komorne glasbe.<\/p><div class=\"uagb-ifb-button-wrapper wp-block-button\"><a href=\"https:\/\/vitapeterlin.com\/sl\/duo-veris\/\" class=\"uagb-infobox-cta-link wp-block-button__link\" target=\"_self\" rel=\"noopener noreferrer\" onclick=\"return true;\"><span class=\"uagb-inline-editing\">Ve\u010d<\/span><\/a><\/div><\/div><\/div><\/div>\n<\/div>\n<\/div>\n<\/div><\/div>\n","protected":false},"excerpt":{"rendered":"<p>Projekti Odkrijte raznolike glasbene projekte, pri katerih sodelujem in jih vodim, ter prina\u0161am izjemno \u017eivo glasbo za poroke, poslovne dogodke in klasi\u010dne koncerte po Sloveniji in Evropi. Od o\u010darljive kombinacije [&hellip;]<\/p>\n","protected":false},"author":1,"featured_media":2151,"parent":0,"menu_order":0,"comment_status":"closed","ping_status":"closed","template":"","meta":{"_uag_custom_page_level_css":"","site-sidebar-layout":"no-sidebar","site-content-layout":"page-builder","ast-site-content-layout":"full-width-container","site-content-style":"unboxed","site-sidebar-style":"unboxed","ast-global-header-display":"","ast-banner-title-visibility":"","ast-main-header-display":"","ast-hfb-above-header-display":"","ast-hfb-below-header-display":"","ast-hfb-mobile-header-display":"","site-post-title":"disabled","ast-breadcrumbs-content":"","ast-featured-img":"disabled","footer-sml-layout":"","theme-transparent-header-meta":"enabled","adv-header-id-meta":"","stick-header-meta":"","header-above-stick-meta":"","header-main-stick-meta":"","header-below-stick-meta":"","astra-migrate-meta-layouts":"set","ast-page-background-enabled":"default","ast-page-background-meta":{"desktop":{"background-color":"","background-image":"","background-repeat":"repeat","background-position":"center center","background-size":"auto","background-attachment":"scroll","background-type":"","background-media":"","overlay-type":"","overlay-color":"","overlay-opacity":"","overlay-gradient":""},"tablet":{"background-color":"","background-image":"","background-repeat":"repeat","background-position":"center center","background-size":"auto","background-attachment":"scroll","background-type":"","background-media":"","overlay-type":"","overlay-color":"","overlay-opacity":"","overlay-gradient":""},"mobile":{"background-color":"","background-image":"","background-repeat":"repeat","background-position":"center center","background-size":"auto","background-attachment":"scroll","background-type":"","background-media":"","overlay-type":"","overlay-color":"","overlay-opacity":"","overlay-gradient":""}},"ast-content-background-meta":{"desktop":{"background-color":"var(--ast-global-color-5)","background-image":"","background-repeat":"repeat","background-position":"center center","background-size":"auto","background-attachment":"scroll","background-type":"","background-media":"","overlay-type":"","overlay-color":"","overlay-opacity":"","overlay-gradient":""},"tablet":{"background-color":"var(--ast-global-color-5)","background-image":"","background-repeat":"repeat","background-position":"center center","background-size":"auto","background-attachment":"scroll","background-type":"","background-media":"","overlay-type":"","overlay-color":"","overlay-opacity":"","overlay-gradient":""},"mobile":{"background-color":"var(--ast-global-color-5)","background-image":"","background-repeat":"repeat","background-position":"center center","background-size":"auto","background-attachment":"scroll","background-type":"","background-media":"","overlay-type":"","overlay-color":"","overlay-opacity":"","overlay-gradient":""}},"pgc_sgb_lightbox_settings":"","footnotes":""},"class_list":["post-2141","page","type-page","status-publish","has-post-thumbnail","hentry"],"uagb_featured_image_src":{"full":["https:\/\/vitapeterlin.com\/wp-content\/uploads\/2024\/11\/Trio-Soloway_BlazCrnic-12-min-scaled-1.jpg",2560,1707,false],"thumbnail":["https:\/\/vitapeterlin.com\/wp-content\/uploads\/2024\/11\/Trio-Soloway_BlazCrnic-12-min-scaled-1-150x150.jpg",150,150,true],"medium":["https:\/\/vitapeterlin.com\/wp-content\/uploads\/2024\/11\/Trio-Soloway_BlazCrnic-12-min-scaled-1-300x200.jpg",300,200,true],"medium_large":["https:\/\/vitapeterlin.com\/wp-content\/uploads\/2024\/11\/Trio-Soloway_BlazCrnic-12-min-scaled-1-768x512.jpg",768,512,true],"large":["https:\/\/vitapeterlin.com\/wp-content\/uploads\/2024\/11\/Trio-Soloway_BlazCrnic-12-min-scaled-1-1024x683.jpg",1024,683,true],"1536x1536":["https:\/\/vitapeterlin.com\/wp-content\/uploads\/2024\/11\/Trio-Soloway_BlazCrnic-12-min-scaled-1-1536x1024.jpg",1536,1024,true],"2048x2048":["https:\/\/vitapeterlin.com\/wp-content\/uploads\/2024\/11\/Trio-Soloway_BlazCrnic-12-min-scaled-1-2048x1366.jpg",2048,1366,true]},"uagb_author_info":{"display_name":"admin","author_link":"https:\/\/vitapeterlin.com\/sl\/author\/admin\/"},"uagb_comment_info":0,"uagb_excerpt":"Projekti Odkrijte raznolike glasbene projekte, pri katerih sodelujem in jih vodim, ter prina\u0161am izjemno \u017eivo glasbo za poroke, poslovne dogodke in klasi\u010dne koncerte po Sloveniji in Evropi. Od o\u010darljive kombinacije [&hellip;]","_links":{"self":[{"href":"https:\/\/vitapeterlin.com\/sl\/wp-json\/wp\/v2\/pages\/2141","targetHints":{"allow":["GET"]}}],"collection":[{"href":"https:\/\/vitapeterlin.com\/sl\/wp-json\/wp\/v2\/pages"}],"about":[{"href":"https:\/\/vitapeterlin.com\/sl\/wp-json\/wp\/v2\/types\/page"}],"author":[{"embeddable":true,"href":"https:\/\/vitapeterlin.com\/sl\/wp-json\/wp\/v2\/users\/1"}],"replies":[{"embeddable":true,"href":"https:\/\/vitapeterlin.com\/sl\/wp-json\/wp\/v2\/comments?post=2141"}],"version-history":[{"count":58,"href":"https:\/\/vitapeterlin.com\/sl\/wp-json\/wp\/v2\/pages\/2141\/revisions"}],"predecessor-version":[{"id":2387,"href":"https:\/\/vitapeterlin.com\/sl\/wp-json\/wp\/v2\/pages\/2141\/revisions\/2387"}],"wp:featuredmedia":[{"embeddable":true,"href":"https:\/\/vitapeterlin.com\/sl\/wp-json\/wp\/v2\/media\/2151"}],"wp:attachment":[{"href":"https:\/\/vitapeterlin.com\/sl\/wp-json\/wp\/v2\/media?parent=2141"}],"curies":[{"name":"wp","href":"https:\/\/api.w.org\/{rel}","templated":true}]}}