{"id":1893,"date":"2024-11-08T14:56:53","date_gmt":"2024-11-08T12:56:53","guid":{"rendered":"https:\/\/vitapeterlin.com\/?page_id=1893"},"modified":"2024-11-21T22:25:52","modified_gmt":"2024-11-21T20:25:52","slug":"vita-zan","status":"publish","type":"page","link":"https:\/\/vitapeterlin.com\/sl\/vita-zan\/","title":{"rendered":"Duo Vita &#038; \u017dan"},"content":{"rendered":"\n<div class=\"wp-block-uagb-container duo-container-top uagb-block-91b00d70 alignfull uagb-is-root-container\"><div class=\"uagb-container-inner-blocks-wrap\">\n<div data-aos= \"fade-up\" data-aos-duration=\"400\" data-aos-delay=\"0\" data-aos-easing=\"ease\" data-aos-once=\"true\" class=\"wp-block-uagb-container uagb-layout-grid uagb-block-ebce0a3f\">\n<div class=\"wp-block-uagb-image aligncenter uagb-block-72aac24c wp-block-uagb-image--layout-default wp-block-uagb-image--effect-static wp-block-uagb-image--align-center\"><figure class=\"wp-block-uagb-image__figure\"><img decoding=\"async\" srcset=\"https:\/\/vitapeterlin.com\/wp-content\/uploads\/2024\/11\/duo_vitazan_2-792x1024.jpg ,https:\/\/vitapeterlin.com\/wp-content\/uploads\/2024\/11\/duo_vitazan_2.jpg 780w, https:\/\/vitapeterlin.com\/wp-content\/uploads\/2024\/11\/duo_vitazan_2.jpg 360w\" sizes=\"auto, (max-width: 480px) 150px\" src=\"https:\/\/vitapeterlin.com\/wp-content\/uploads\/2024\/11\/duo_vitazan_2-792x1024.jpg\" alt=\"\" class=\"uag-image-1886\" width=\"511\" height=\"700\" title=\"duo_vita%zan_2\" loading=\"lazy\" role=\"img\"\/><\/figure><\/div>\n\n\n\n<div class=\"wp-block-uagb-info-box uagb-block-aaf65ba2 uagb-infobox__content-wrap  uagb-infobox-icon-above-title uagb-infobox-image-valign-top wp-block-uagb-info-box--has-margin\"><div class=\"uagb-infobox-margin-wrapper\"><div class=\"uagb-ifb-content\"><div class=\"uagb-ifb-title-wrap\"><h1 class=\"uagb-ifb-title\">Duo Vita &#038; \u017dan<\/h1><\/div><div class=\"uagb-ifb-separator\"><\/div><p class=\"uagb-ifb-desc\">Duo Vita &#038; \u017dan, ustanovljen leta 2015 na Univerzi za glasbo v Gradcu, zdru\u017euje nenavadno, a \u010dudovito kombinacijo violon\u010dela in harmonike ter ustvarja resni\u010dno edinstveno glasbeno izku\u0161njo. Njuni nastopi, ki so o\u010darali ob\u010dinstvo po vsej Evropi, razkrivajo bogastvo tega redkega tandema: ne\u017ena toplina violon\u010dela, prepletena z \u017eivahnim zvenom harmonike. Njuni repertoarji, ki vklju\u010dujejo vse od renesan\u010dnih skladb do sodobne glasbe, so skrbno prilagojeni vsakemu dogodku, s strastjo do glasbe, ki odmeva v vsakem tonu.<br><\/p><\/div><\/div><\/div>\n<\/div>\n\n\n\n<div class=\"wp-block-uagb-container uag-blocks-common-selector uagb-block-4e4a53fd\">\n<div class=\"wp-block-columns is-layout-flex wp-container-core-columns-is-layout-28f84493 wp-block-columns-is-layout-flex\">\n<div class=\"wp-block-column is-layout-flow wp-block-column-is-layout-flow\">\n<figure class=\"wp-block-embed is-type-video is-provider-youtube wp-block-embed-youtube wp-embed-aspect-16-9 wp-has-aspect-ratio\"><div class=\"wp-block-embed__wrapper\">\n<div class=\"ast-oembed-container \" style=\"height: 100%;\"><iframe loading=\"lazy\" title=\"Astor Piazzolla \u2502Le Grand Tango, Vita Peterlin &amp; Zan Trobas\" width=\"500\" height=\"281\" src=\"https:\/\/www.youtube.com\/embed\/zstZi067O6s?feature=oembed\" frameborder=\"0\" allow=\"accelerometer; autoplay; clipboard-write; encrypted-media; gyroscope; picture-in-picture; web-share\" referrerpolicy=\"strict-origin-when-cross-origin\" allowfullscreen><\/iframe><\/div>\n<\/div><\/figure>\n<\/div>\n<\/div>\n<\/div>\n<\/div><\/div>\n\n\n\n<div class=\"wp-block-uagb-container uagb-layout-grid uagb-block-4076897a alignfull uagb-is-root-container\"><div class=\"uagb-container-inner-blocks-wrap\">\n<div class=\"wp-block-uagb-container uagb-block-25e62632\">\n<p>Duo Vita &#038; \u017dan je perspektivni glasbeni duet, ki se je prvi\u010d sre\u010dal leta 2015 na Univerzi za glasbo in upodabljajo\u010do umetnost v Gradcu.<\/p>\n\n\n\n<p>V zadnjih letih sva nastopala po vsej Evropi na dogodkih, kot so:<\/p>\n\n\n\n<ul class=\"wp-block-list\">\n<li>Mednarodno glasbeno tekmovanje Dunaj \u2013 Grand Prize Virtuoso,<\/li>\n\n\n\n<li>Estate Musicale del Conservatorio 2016 (Mantova),<\/li>\n\n\n\n<li>Mednarodni teden glasbe Gro\u00dflobming,<\/li>\n\n\n\n<li>Redoute 2016 (Gradec),<\/li>\n\n\n\n<li>Festival Lent (Maribor),<\/li>\n\n\n\n<li>Festival Grobnik (Rijeka),<\/li>\n\n\n\n<li>Ch\u00e2teau de Bourgon (Francija),<\/li>\n\n\n\n<li>Salieri-Zinetti Competition Festival (Verona),<\/li>\n\n\n\n<li>ALBA International Chamber Music Festival 2016 (Levico Terme in Toscolano Maderno).<\/li>\n<\/ul>\n\n\n\n<p><\/p>\n\n\n\n<p>Zdru\u017eitev violon\u010dela in harmonike je precej neobi\u010dajna, vendar so bili odzivi ob\u010dinstva do zdaj izjemno pozitivni, saj ta edinstvena kombinacija poslu\u0161alcem ponuja povsem novo glasbeno izku\u0161njo. Najin repertoar vklju\u010duje dela iz renesanse, baroka in romantike ter tango in sodobne skladbe. Seveda z veseljem prilagodiva program va\u0161im posebnim \u017eeljam.<\/p>\n<\/div>\n\n\n\n<figure class=\"wp-block-embed is-type-video is-provider-youtube wp-block-embed-youtube wp-embed-aspect-16-9 wp-has-aspect-ratio\"><div class=\"wp-block-embed__wrapper\">\n<div class=\"ast-oembed-container \" style=\"height: 100%;\"><iframe loading=\"lazy\" title=\"Bach - Sonata No. 1, in G major, BWV 1027 | Duo Vita&amp;\u017dan\" width=\"500\" height=\"281\" src=\"https:\/\/www.youtube.com\/embed\/C6sPBSTV5HE?feature=oembed\" frameborder=\"0\" allow=\"accelerometer; autoplay; clipboard-write; encrypted-media; gyroscope; picture-in-picture; web-share\" referrerpolicy=\"strict-origin-when-cross-origin\" allowfullscreen><\/iframe><\/div>\n<\/div><\/figure>\n<\/div><\/div>\n\n\n\n<div class=\"wp-block-uagb-container uagb-layout-grid uagb-block-1ea86081 alignfull uagb-is-root-container\"><div class=\"uagb-container-inner-blocks-wrap\">\n<div class=\"wp-block-uagb-container uagb-block-c876e5de alignfull uagb-is-root-container\"><div class=\"uagb-container-inner-blocks-wrap\">\n<div class=\"wp-block-uagb-advanced-heading uagb-block-7c902c64\"><h6 class=\"uagb-heading-text\"><strong>Navdihnjena s Strastjo<\/strong><\/h6><p class=\"uagb-desc-text\"><em>\u00bbViolon\u010delo in harmonika tvorita nenavaden, vendar zvo\u010dno popoln komorni duo. Medtem ko se ne\u017een, topel ton violon\u010dela dopolnjuje z \u017eivahnimi harmonijami harmonike, njuna zvo\u010dna fuzija ustvarja edinstven glasbeni jezik, ki izra\u017ea spo\u0161tovanje do umetnosti in ljubezen do glasbe. Dru\u017ebene zahteve nas lahko zaslepijo in nas odmaknejo od realnosti. Glasba ima terapevtski u\u010dinek: pomirja nas in nas vra\u010da k na\u0161im koreninam ter vzbuja ob\u010dutke, ki jih je te\u017eko opisati. Dana\u0161nji svet potrebuje sejalce ljubezni in miru in hvale\u017ena sva za vsak trenutek, ko lahko glasbo ponudiva kot \u010dutno in nematerialno darilo za du\u0161o in \u010dute.\u00ab<\/em><\/p><div class=\"uagb-separator\"><\/div><\/div>\n<\/div><\/div>\n<\/div><\/div>\n\n\n\n<div class=\"wp-block-uagb-container uagb-block-648ffeee alignfull uagb-is-root-container\"><div class=\"uagb-container-inner-blocks-wrap\">\n<figure class=\"wp-block-gallery has-nested-images columns-6 is-cropped wp-block-gallery-1 is-layout-flex wp-block-gallery-is-layout-flex\">\n<figure class=\"wp-block-image size-large\"><a href=\"https:\/\/vitapeterlin.com\/wp-content\/uploads\/2024\/11\/duo_vitazan_3.jpg\"><img loading=\"lazy\" decoding=\"async\" width=\"960\" height=\"640\" data-id=\"1885\" src=\"https:\/\/vitapeterlin.com\/wp-content\/uploads\/2024\/11\/duo_vitazan_3.jpg\" alt=\"\" class=\"wp-image-1885\" srcset=\"https:\/\/vitapeterlin.com\/wp-content\/uploads\/2024\/11\/duo_vitazan_3.jpg 960w, https:\/\/vitapeterlin.com\/wp-content\/uploads\/2024\/11\/duo_vitazan_3-300x200.jpg 300w, https:\/\/vitapeterlin.com\/wp-content\/uploads\/2024\/11\/duo_vitazan_3-768x512.jpg 768w\" sizes=\"auto, (max-width: 960px) 100vw, 960px\" \/><\/a><\/figure>\n\n\n\n<figure class=\"wp-block-image size-large\"><a href=\"https:\/\/vitapeterlin.com\/wp-content\/uploads\/2024\/11\/duo_vitazan_2.jpg\"><img loading=\"lazy\" decoding=\"async\" width=\"792\" height=\"1024\" data-id=\"1886\" src=\"https:\/\/vitapeterlin.com\/wp-content\/uploads\/2024\/11\/duo_vitazan_2-792x1024.jpg\" alt=\"\" class=\"wp-image-1886\" srcset=\"https:\/\/vitapeterlin.com\/wp-content\/uploads\/2024\/11\/duo_vitazan_2-792x1024.jpg 792w, https:\/\/vitapeterlin.com\/wp-content\/uploads\/2024\/11\/duo_vitazan_2-232x300.jpg 232w, https:\/\/vitapeterlin.com\/wp-content\/uploads\/2024\/11\/duo_vitazan_2-768x993.jpg 768w, https:\/\/vitapeterlin.com\/wp-content\/uploads\/2024\/11\/duo_vitazan_2.jpg 928w\" sizes=\"auto, (max-width: 792px) 100vw, 792px\" \/><\/a><\/figure>\n\n\n\n<figure class=\"wp-block-image size-large\"><a href=\"https:\/\/vitapeterlin.com\/wp-content\/uploads\/2024\/11\/Festival_Lent.png\"><img loading=\"lazy\" decoding=\"async\" width=\"640\" height=\"428\" data-id=\"1887\" src=\"https:\/\/vitapeterlin.com\/wp-content\/uploads\/2024\/11\/Festival_Lent.png\" alt=\"\" class=\"wp-image-1887\" srcset=\"https:\/\/vitapeterlin.com\/wp-content\/uploads\/2024\/11\/Festival_Lent.png 640w, https:\/\/vitapeterlin.com\/wp-content\/uploads\/2024\/11\/Festival_Lent-300x201.png 300w\" sizes=\"auto, (max-width: 640px) 100vw, 640px\" \/><\/a><\/figure>\n\n\n\n<figure class=\"wp-block-image size-large\"><a href=\"https:\/\/vitapeterlin.com\/wp-content\/uploads\/2024\/11\/duo_vitazan_1.jpg\"><img loading=\"lazy\" decoding=\"async\" width=\"683\" height=\"1024\" data-id=\"1888\" src=\"https:\/\/vitapeterlin.com\/wp-content\/uploads\/2024\/11\/duo_vitazan_1-683x1024.jpg\" alt=\"\" class=\"wp-image-1888\" srcset=\"https:\/\/vitapeterlin.com\/wp-content\/uploads\/2024\/11\/duo_vitazan_1-683x1024.jpg 683w, https:\/\/vitapeterlin.com\/wp-content\/uploads\/2024\/11\/duo_vitazan_1-200x300.jpg 200w, https:\/\/vitapeterlin.com\/wp-content\/uploads\/2024\/11\/duo_vitazan_1-768x1152.jpg 768w, https:\/\/vitapeterlin.com\/wp-content\/uploads\/2024\/11\/duo_vitazan_1.jpg 800w\" sizes=\"auto, (max-width: 683px) 100vw, 683px\" \/><\/a><\/figure>\n\n\n\n<figure class=\"wp-block-image size-large\"><a href=\"https:\/\/vitapeterlin.com\/wp-content\/uploads\/2024\/11\/duo_vitazan_4.jpg\"><img loading=\"lazy\" decoding=\"async\" width=\"1024\" height=\"683\" data-id=\"1889\" src=\"https:\/\/vitapeterlin.com\/wp-content\/uploads\/2024\/11\/duo_vitazan_4-1024x683.jpg\" alt=\"\" class=\"wp-image-1889\" srcset=\"https:\/\/vitapeterlin.com\/wp-content\/uploads\/2024\/11\/duo_vitazan_4-1024x683.jpg 1024w, https:\/\/vitapeterlin.com\/wp-content\/uploads\/2024\/11\/duo_vitazan_4-300x200.jpg 300w, https:\/\/vitapeterlin.com\/wp-content\/uploads\/2024\/11\/duo_vitazan_4-768x512.jpg 768w, https:\/\/vitapeterlin.com\/wp-content\/uploads\/2024\/11\/duo_vitazan_4.jpg 1200w\" sizes=\"auto, (max-width: 1024px) 100vw, 1024px\" \/><\/a><\/figure>\n\n\n\n<figure class=\"wp-block-image size-large\"><a href=\"https:\/\/vitapeterlin.com\/wp-content\/uploads\/2024\/11\/duo_vitazan_5.jpg\"><img loading=\"lazy\" decoding=\"async\" width=\"683\" height=\"1024\" data-id=\"1890\" src=\"https:\/\/vitapeterlin.com\/wp-content\/uploads\/2024\/11\/duo_vitazan_5-683x1024.jpg\" alt=\"\" class=\"wp-image-1890\" srcset=\"https:\/\/vitapeterlin.com\/wp-content\/uploads\/2024\/11\/duo_vitazan_5-683x1024.jpg 683w, https:\/\/vitapeterlin.com\/wp-content\/uploads\/2024\/11\/duo_vitazan_5-200x300.jpg 200w, https:\/\/vitapeterlin.com\/wp-content\/uploads\/2024\/11\/duo_vitazan_5-768x1152.jpg 768w, https:\/\/vitapeterlin.com\/wp-content\/uploads\/2024\/11\/duo_vitazan_5.jpg 800w\" sizes=\"auto, (max-width: 683px) 100vw, 683px\" \/><\/a><\/figure>\n<\/figure>\n<\/div><\/div>\n\n\n\n<p><\/p>\n","protected":false},"excerpt":{"rendered":"<p>Duo Vita &#038; \u017dan je perspektivni glasbeni duet, ki se je prvi\u010d sre\u010dal leta 2015 na Univerzi za glasbo in upodabljajo\u010do umetnost v Gradcu. V zadnjih letih sva nastopala po [&hellip;]<\/p>\n","protected":false},"author":1,"featured_media":1888,"parent":0,"menu_order":0,"comment_status":"closed","ping_status":"closed","template":"","meta":{"_uag_custom_page_level_css":"","site-sidebar-layout":"no-sidebar","site-content-layout":"page-builder","ast-site-content-layout":"full-width-container","site-content-style":"unboxed","site-sidebar-style":"unboxed","ast-global-header-display":"","ast-banner-title-visibility":"","ast-main-header-display":"","ast-hfb-above-header-display":"","ast-hfb-below-header-display":"","ast-hfb-mobile-header-display":"","site-post-title":"disabled","ast-breadcrumbs-content":"","ast-featured-img":"disabled","footer-sml-layout":"","theme-transparent-header-meta":"enabled","adv-header-id-meta":"","stick-header-meta":"","header-above-stick-meta":"","header-main-stick-meta":"","header-below-stick-meta":"","astra-migrate-meta-layouts":"set","ast-page-background-enabled":"default","ast-page-background-meta":{"desktop":{"background-color":"","background-image":"","background-repeat":"repeat","background-position":"center center","background-size":"auto","background-attachment":"scroll","background-type":"","background-media":"","overlay-type":"","overlay-color":"","overlay-opacity":"","overlay-gradient":""},"tablet":{"background-color":"","background-image":"","background-repeat":"repeat","background-position":"center center","background-size":"auto","background-attachment":"scroll","background-type":"","background-media":"","overlay-type":"","overlay-color":"","overlay-opacity":"","overlay-gradient":""},"mobile":{"background-color":"","background-image":"","background-repeat":"repeat","background-position":"center center","background-size":"auto","background-attachment":"scroll","background-type":"","background-media":"","overlay-type":"","overlay-color":"","overlay-opacity":"","overlay-gradient":""}},"ast-content-background-meta":{"desktop":{"background-color":"var(--ast-global-color-5)","background-image":"","background-repeat":"repeat","background-position":"center center","background-size":"auto","background-attachment":"scroll","background-type":"","background-media":"","overlay-type":"","overlay-color":"","overlay-opacity":"","overlay-gradient":""},"tablet":{"background-color":"var(--ast-global-color-5)","background-image":"","background-repeat":"repeat","background-position":"center center","background-size":"auto","background-attachment":"scroll","background-type":"","background-media":"","overlay-type":"","overlay-color":"","overlay-opacity":"","overlay-gradient":""},"mobile":{"background-color":"var(--ast-global-color-5)","background-image":"","background-repeat":"repeat","background-position":"center center","background-size":"auto","background-attachment":"scroll","background-type":"","background-media":"","overlay-type":"","overlay-color":"","overlay-opacity":"","overlay-gradient":""}},"pgc_sgb_lightbox_settings":"","footnotes":""},"class_list":["post-1893","page","type-page","status-publish","has-post-thumbnail","hentry"],"uagb_featured_image_src":{"full":["https:\/\/vitapeterlin.com\/wp-content\/uploads\/2024\/11\/duo_vitazan_1.jpg",800,1200,false],"thumbnail":["https:\/\/vitapeterlin.com\/wp-content\/uploads\/2024\/11\/duo_vitazan_1-150x150.jpg",150,150,true],"medium":["https:\/\/vitapeterlin.com\/wp-content\/uploads\/2024\/11\/duo_vitazan_1-200x300.jpg",200,300,true],"medium_large":["https:\/\/vitapeterlin.com\/wp-content\/uploads\/2024\/11\/duo_vitazan_1-768x1152.jpg",768,1152,true],"large":["https:\/\/vitapeterlin.com\/wp-content\/uploads\/2024\/11\/duo_vitazan_1-683x1024.jpg",683,1024,true],"1536x1536":["https:\/\/vitapeterlin.com\/wp-content\/uploads\/2024\/11\/duo_vitazan_1.jpg",800,1200,false],"2048x2048":["https:\/\/vitapeterlin.com\/wp-content\/uploads\/2024\/11\/duo_vitazan_1.jpg",800,1200,false]},"uagb_author_info":{"display_name":"admin","author_link":"https:\/\/vitapeterlin.com\/sl\/author\/admin\/"},"uagb_comment_info":0,"uagb_excerpt":"Duo Vita &#038; \u017dan je perspektivni glasbeni duet, ki se je prvi\u010d sre\u010dal leta 2015 na Univerzi za glasbo in upodabljajo\u010do umetnost v Gradcu. V zadnjih letih sva nastopala po [&hellip;]","_links":{"self":[{"href":"https:\/\/vitapeterlin.com\/sl\/wp-json\/wp\/v2\/pages\/1893","targetHints":{"allow":["GET"]}}],"collection":[{"href":"https:\/\/vitapeterlin.com\/sl\/wp-json\/wp\/v2\/pages"}],"about":[{"href":"https:\/\/vitapeterlin.com\/sl\/wp-json\/wp\/v2\/types\/page"}],"author":[{"embeddable":true,"href":"https:\/\/vitapeterlin.com\/sl\/wp-json\/wp\/v2\/users\/1"}],"replies":[{"embeddable":true,"href":"https:\/\/vitapeterlin.com\/sl\/wp-json\/wp\/v2\/comments?post=1893"}],"version-history":[{"count":37,"href":"https:\/\/vitapeterlin.com\/sl\/wp-json\/wp\/v2\/pages\/1893\/revisions"}],"predecessor-version":[{"id":2192,"href":"https:\/\/vitapeterlin.com\/sl\/wp-json\/wp\/v2\/pages\/1893\/revisions\/2192"}],"wp:featuredmedia":[{"embeddable":true,"href":"https:\/\/vitapeterlin.com\/sl\/wp-json\/wp\/v2\/media\/1888"}],"wp:attachment":[{"href":"https:\/\/vitapeterlin.com\/sl\/wp-json\/wp\/v2\/media?parent=1893"}],"curies":[{"name":"wp","href":"https:\/\/api.w.org\/{rel}","templated":true}]}}