{"id":357,"date":"2024-11-06T11:09:27","date_gmt":"2024-11-06T11:09:27","guid":{"rendered":"https:\/\/vitapeterlin.com\/about-us\/"},"modified":"2024-11-13T10:05:34","modified_gmt":"2024-11-13T08:05:34","slug":"vita","status":"publish","type":"page","link":"https:\/\/vitapeterlin.com\/de\/vita\/","title":{"rendered":"Vita"},"content":{"rendered":"\n<div class=\"wp-block-uagb-container about-me-container-top uagb-block-91b00d70 alignfull uagb-is-root-container\"><div class=\"uagb-container-inner-blocks-wrap\">\n<div data-aos= \"fade-up\" data-aos-duration=\"400\" data-aos-delay=\"0\" data-aos-easing=\"ease\" data-aos-once=\"true\" class=\"wp-block-uagb-container uagb-layout-flex uagb-block-ebce0a3f\">\n<div class=\"wp-block-uagb-image alignleft uagb-block-72aac24c wp-block-uagb-image--layout-default wp-block-uagb-image--effect-static wp-block-uagb-image--align-left\"><figure class=\"wp-block-uagb-image__figure\"><img decoding=\"async\" srcset=\"https:\/\/vitapeterlin.com\/wp-content\/uploads\/2024\/11\/Vita-4-min-scaled-1-1024x1024.jpg ,https:\/\/vitapeterlin.com\/wp-content\/uploads\/2024\/11\/Vita-4-min-scaled-1.jpg 780w, https:\/\/vitapeterlin.com\/wp-content\/uploads\/2024\/11\/Vita-4-min-scaled-1.jpg 360w\" sizes=\"auto, (max-width: 480px) 150px\" src=\"https:\/\/vitapeterlin.com\/wp-content\/uploads\/2024\/11\/Vita-4-min-scaled-1-1024x1024.jpg\" alt=\"\" class=\"uag-image-1740\" width=\"520\" height=\"520\" title=\"Vita-4-min-scaled (1)\" loading=\"lazy\" role=\"img\"\/><\/figure><\/div>\n\n\n\n<div class=\"wp-block-uagb-info-box uagb-block-aaf65ba2 uagb-infobox__content-wrap  uagb-infobox-icon-above-title uagb-infobox-image-valign-top wp-block-uagb-info-box--has-margin\"><div class=\"uagb-infobox-margin-wrapper\"><div class=\"uagb-ifb-content\"><div class=\"uagb-ifb-title-wrap\"><h1 class=\"uagb-ifb-title\">\u00dcber mich<\/h1><\/div><div class=\"uagb-ifb-separator\"><\/div><p class=\"uagb-ifb-desc\">Vita Furman Peterlin wurde 1993 in Ljubljana geboren. Sie begann ihr Cellostudium an der Musikschule Dom\u017eale bei Professor Almira Hamidullina und setzte es am Konservatorium f\u00fcr Musik und Ballett in Ljubljana bei Professor Milan Vrsajkov und sp\u00e4ter bei Professor Karmen Pe\u010dar Koritnik fort.<br><br>Sie setzte ihre Ausbildung an der Universit\u00e4t f\u00fcr Musik und darstellende Kunst in Graz fort, wo sie bei Professor Julian Arp studierte. 2015 verbrachte sie ein Semester bei Professor Christian Polterer in Luzern. Vita schloss ihr Bachelorstudium im Juni 2017 mit Auszeichnung ab. Anschlie\u00dfend absolvierte sie ein Masterstudium an der Universit\u00e4t Mozarteum Salzburg unter der Leitung von Enrico Bronzi.<\/p><\/div><\/div><\/div>\n<\/div>\n<\/div><\/div>\n\n\n\n<div class=\"wp-block-uagb-container uagb-layout-grid uagb-block-4076897a alignfull uagb-is-root-container\"><div class=\"uagb-container-inner-blocks-wrap\">\n<div class=\"wp-block-uagb-advanced-heading uagb-block-0769aa2e\"><h2 class=\"uagb-heading-text\">Auszeichnungen<\/h2><div class=\"uagb-separator\"><\/div><p class=\"uagb-desc-text\">W\u00e4hrend ihres Studiums nahm Vita Furman Peterlin an zahlreichen nationalen und internationalen Wettbewerben teil und erzielte beachtliche Erfolge. Sie gewann die Goldmedaille beim TEMSIG-Wettbewerb f\u00fcr junge slowenische Musiker in den Jahren 2006, 2012 und 2015 und belegte dabei einmal den ersten und zweimal den zweiten Platz.<br><br>2010\/11 gewann sie zweite Preise beim Petar Konjovi\u0107-Wettbewerb in Belgrad und beim Euritmia-Wettbewerb in Italien sowie den dritten Platz beim Premio Citt\u00e0 di Padova. Im folgenden Jahr gewann sie den ersten Preis beim Ars Nova Music Festival in Triest, wo sie mit dem Festivalorchester auftrat. Als Solistin des Konservatoriums von Ljubljana spielte sie Haydns Cellokonzert in C-Dur mit dem Slowenischen Philharmonischen Kammerorchester.<br><\/p><\/div>\n\n\n\n<figure class=\"wp-block-image size-full\"><img loading=\"lazy\" decoding=\"async\" width=\"640\" height=\"514\" src=\"https:\/\/vitapeterlin.com\/wp-content\/uploads\/2024\/11\/Vita_Peterlin_New_York.jpg\" alt=\"\" class=\"wp-image-1742\" srcset=\"https:\/\/vitapeterlin.com\/wp-content\/uploads\/2024\/11\/Vita_Peterlin_New_York.jpg 640w, https:\/\/vitapeterlin.com\/wp-content\/uploads\/2024\/11\/Vita_Peterlin_New_York-300x241.jpg 300w\" sizes=\"auto, (max-width: 640px) 100vw, 640px\" \/><\/figure>\n<\/div><\/div>\n\n\n\n<div class=\"wp-block-uagb-container uagb-layout-grid uagb-block-1bbea376 alignfull uagb-is-root-container\"><div class=\"uagb-container-inner-blocks-wrap\">\n<div class=\"wp-block-uagb-container uagb-block-53898c5f\">\n<p>2014 nahm Vita Furman Peterlin an drei gro\u00dfen Wettbewerben teil und gewann den Premio Assoluto und das Giuseppe Magnani-Stipendium beim Antonio Salieri Festival. Sie gewann eine Goldmedaille und einen Sonderpreis beim SVIR\u00c9l-Festival in Nova Gorica, Slowenien, sowie den ersten Preis in Treviso. Im folgenden Jahr gewann sie den ersten Preis beim Internationalen Val Tidone Festival. Im selben Jahr brachte sie die Rokoko-Variationen f\u00fcr Cello und Blasorchester in Maribors Union Hall zur Urauff\u00fchrung. 2016 gewann sie den Premio Assoluto beim Antonio Salieri Festival und den ersten Preis beim Grand Prize Virtuoso in Salzburg, wo ihr preisgekr\u00f6nter Auftritt im Wiener Saal ihr im Oktober 2016 ein Konzert in der Carnegie Hall in New York einbrachte, zusammen mit dem amerikanischen Pianisten Lianhua Chi.<\/p>\n\n\n\n<p>Im Mai 2017 trat Vita als Solistin mit Les Violons de France in der Kirche La Madeleine in Paris auf.<\/p>\n<\/div>\n\n\n\n<div class=\"wp-block-uagb-advanced-heading uagb-block-5500665b\"><h2 class=\"uagb-heading-text\">Kammermusik<\/h2><div class=\"uagb-separator\"><\/div><p class=\"uagb-desc-text\">Als aktive Kammermusikerin spielte Vita 2013 in Graz Brahms\u2018 Streichquintett in G-Dur, ausgestrahlt von ORF, Radio \u00d61. 2015 spielte sie Beethovens Septett in Zusammenarbeit mit dem renommierten Dirigenten Nikolaus Harnoncourt. Seit 2015 tritt sie h\u00e4ufig mit dem slowenischen Akkordeonisten \u017dan Trobas bei nationalen und internationalen Festivals auf. 2016 gewann sie mit dem Pianisten Philipp Scheucher und dem Geiger Wiktor Modrzejewski den Martha Debelli-Stipendiumswettbewerb in Graz. Sie trat auch bei Kammermusikfestivals mit namhaften Musikern auf, darunter Vladimir Mendelssohn, Alissa Margulis und Fr\u00e9d\u00e9ric Moreau.<br><br>Als Solistin nimmt Vita regelm\u00e4\u00dfig an Meisterkursen mit renommierten K\u00fcnstlern wie Marc Coppey, Valter De\u0161palj, David Grigorian und Antonio Meneses teil.<br><br><\/p><\/div>\n<\/div><\/div>\n\n\n\n<div class=\"wp-block-uagb-container uagb-block-648ffeee alignfull uagb-is-root-container\"><div class=\"uagb-container-inner-blocks-wrap\">\n<figure class=\"wp-block-image alignfull size-full\"><img loading=\"lazy\" decoding=\"async\" width=\"2500\" height=\"1667\" src=\"https:\/\/vitapeterlin.com\/wp-content\/uploads\/2024\/11\/IMG_7478_original.webp\" alt=\"\" class=\"wp-image-2054\" srcset=\"https:\/\/vitapeterlin.com\/wp-content\/uploads\/2024\/11\/IMG_7478_original.webp 2500w, https:\/\/vitapeterlin.com\/wp-content\/uploads\/2024\/11\/IMG_7478_original-300x200.webp 300w, https:\/\/vitapeterlin.com\/wp-content\/uploads\/2024\/11\/IMG_7478_original-1024x683.webp 1024w, https:\/\/vitapeterlin.com\/wp-content\/uploads\/2024\/11\/IMG_7478_original-768x512.webp 768w, https:\/\/vitapeterlin.com\/wp-content\/uploads\/2024\/11\/IMG_7478_original-1536x1024.webp 1536w, https:\/\/vitapeterlin.com\/wp-content\/uploads\/2024\/11\/IMG_7478_original-2048x1366.webp 2048w\" sizes=\"auto, (max-width: 2500px) 100vw, 2500px\" \/><\/figure>\n<\/div><\/div>\n\n\n\n<p><\/p>\n","protected":false},"excerpt":{"rendered":"<p>Auszeichnungen W\u00e4hrend ihres Studiums nahm Vita Furman Peterlin an zahlreichen nationalen und internationalen Wettbewerben teil und erzielte beachtliche Erfolge. Sie gewann die Goldmedaille beim TEMSIG-Wettbewerb f\u00fcr junge slowenische Musiker in [&hellip;]<\/p>\n","protected":false},"author":1,"featured_media":2054,"parent":0,"menu_order":0,"comment_status":"closed","ping_status":"closed","template":"","meta":{"_uag_custom_page_level_css":"","site-sidebar-layout":"no-sidebar","site-content-layout":"page-builder","ast-site-content-layout":"full-width-container","site-content-style":"unboxed","site-sidebar-style":"unboxed","ast-global-header-display":"","ast-banner-title-visibility":"","ast-main-header-display":"","ast-hfb-above-header-display":"","ast-hfb-below-header-display":"","ast-hfb-mobile-header-display":"","site-post-title":"disabled","ast-breadcrumbs-content":"","ast-featured-img":"disabled","footer-sml-layout":"","theme-transparent-header-meta":"enabled","adv-header-id-meta":"","stick-header-meta":"","header-above-stick-meta":"","header-main-stick-meta":"","header-below-stick-meta":"","astra-migrate-meta-layouts":"set","ast-page-background-enabled":"default","ast-page-background-meta":{"desktop":{"background-color":"","background-image":"","background-repeat":"repeat","background-position":"center center","background-size":"auto","background-attachment":"scroll","background-type":"","background-media":"","overlay-type":"","overlay-color":"","overlay-opacity":"","overlay-gradient":""},"tablet":{"background-color":"","background-image":"","background-repeat":"repeat","background-position":"center center","background-size":"auto","background-attachment":"scroll","background-type":"","background-media":"","overlay-type":"","overlay-color":"","overlay-opacity":"","overlay-gradient":""},"mobile":{"background-color":"","background-image":"","background-repeat":"repeat","background-position":"center center","background-size":"auto","background-attachment":"scroll","background-type":"","background-media":"","overlay-type":"","overlay-color":"","overlay-opacity":"","overlay-gradient":""}},"ast-content-background-meta":{"desktop":{"background-color":"var(--ast-global-color-5)","background-image":"","background-repeat":"repeat","background-position":"center center","background-size":"auto","background-attachment":"scroll","background-type":"","background-media":"","overlay-type":"","overlay-color":"","overlay-opacity":"","overlay-gradient":""},"tablet":{"background-color":"var(--ast-global-color-5)","background-image":"","background-repeat":"repeat","background-position":"center center","background-size":"auto","background-attachment":"scroll","background-type":"","background-media":"","overlay-type":"","overlay-color":"","overlay-opacity":"","overlay-gradient":""},"mobile":{"background-color":"var(--ast-global-color-5)","background-image":"","background-repeat":"repeat","background-position":"center center","background-size":"auto","background-attachment":"scroll","background-type":"","background-media":"","overlay-type":"","overlay-color":"","overlay-opacity":"","overlay-gradient":""}},"pgc_sgb_lightbox_settings":"","footnotes":""},"class_list":["post-357","page","type-page","status-publish","has-post-thumbnail","hentry"],"uagb_featured_image_src":{"full":["https:\/\/vitapeterlin.com\/wp-content\/uploads\/2024\/11\/IMG_7478_original.webp",2500,1667,false],"thumbnail":["https:\/\/vitapeterlin.com\/wp-content\/uploads\/2024\/11\/IMG_7478_original-150x150.webp",150,150,true],"medium":["https:\/\/vitapeterlin.com\/wp-content\/uploads\/2024\/11\/IMG_7478_original-300x200.webp",300,200,true],"medium_large":["https:\/\/vitapeterlin.com\/wp-content\/uploads\/2024\/11\/IMG_7478_original-768x512.webp",768,512,true],"large":["https:\/\/vitapeterlin.com\/wp-content\/uploads\/2024\/11\/IMG_7478_original-1024x683.webp",1024,683,true],"1536x1536":["https:\/\/vitapeterlin.com\/wp-content\/uploads\/2024\/11\/IMG_7478_original-1536x1024.webp",1536,1024,true],"2048x2048":["https:\/\/vitapeterlin.com\/wp-content\/uploads\/2024\/11\/IMG_7478_original-2048x1366.webp",2048,1366,true]},"uagb_author_info":{"display_name":"admin","author_link":"https:\/\/vitapeterlin.com\/de\/author\/admin\/"},"uagb_comment_info":0,"uagb_excerpt":"Auszeichnungen W\u00e4hrend ihres Studiums nahm Vita Furman Peterlin an zahlreichen nationalen und internationalen Wettbewerben teil und erzielte beachtliche Erfolge. Sie gewann die Goldmedaille beim TEMSIG-Wettbewerb f\u00fcr junge slowenische Musiker in [&hellip;]","_links":{"self":[{"href":"https:\/\/vitapeterlin.com\/de\/wp-json\/wp\/v2\/pages\/357","targetHints":{"allow":["GET"]}}],"collection":[{"href":"https:\/\/vitapeterlin.com\/de\/wp-json\/wp\/v2\/pages"}],"about":[{"href":"https:\/\/vitapeterlin.com\/de\/wp-json\/wp\/v2\/types\/page"}],"author":[{"embeddable":true,"href":"https:\/\/vitapeterlin.com\/de\/wp-json\/wp\/v2\/users\/1"}],"replies":[{"embeddable":true,"href":"https:\/\/vitapeterlin.com\/de\/wp-json\/wp\/v2\/comments?post=357"}],"version-history":[{"count":44,"href":"https:\/\/vitapeterlin.com\/de\/wp-json\/wp\/v2\/pages\/357\/revisions"}],"predecessor-version":[{"id":2058,"href":"https:\/\/vitapeterlin.com\/de\/wp-json\/wp\/v2\/pages\/357\/revisions\/2058"}],"wp:featuredmedia":[{"embeddable":true,"href":"https:\/\/vitapeterlin.com\/de\/wp-json\/wp\/v2\/media\/2054"}],"wp:attachment":[{"href":"https:\/\/vitapeterlin.com\/de\/wp-json\/wp\/v2\/media?parent=357"}],"curies":[{"name":"wp","href":"https:\/\/api.w.org\/{rel}","templated":true}]}}