{"id":354,"date":"2024-11-06T11:09:27","date_gmt":"2024-11-06T11:09:27","guid":{"rendered":"https:\/\/vitapeterlin.com\/home\/"},"modified":"2026-01-26T10:45:12","modified_gmt":"2026-01-26T08:45:12","slug":"home","status":"publish","type":"page","link":"https:\/\/vitapeterlin.com\/de\/","title":{"rendered":"Home"},"content":{"rendered":"\n<div class=\"wp-block-uagb-container uagb-layout-grid uagb-block-35bd4a95 alignfull uagb-is-root-container\"><div class=\"uagb-container-inner-blocks-wrap\">\n<div class=\"wp-block-uagb-container uagb-block-2fe53a72\">\n<div class=\"wp-block-uagb-info-box uagb-block-d835da9d uagb-infobox__content-wrap  uagb-infobox-icon-above-title uagb-infobox-image-valign-top\"><div class=\"uagb-ifb-content\"><div class=\"uagb-ifb-title-wrap\"><h1 class=\"uagb-ifb-title\">Vita Furman Peterlin<\/h1><\/div><p class=\"uagb-ifb-desc\">Cellistin<\/p><\/div><\/div>\n<\/div>\n\n\n\n<div class=\"wp-block-uagb-icon-list uagb-block-639747a7\"><div class=\"uagb-icon-list__wrap\">\n<div class=\"wp-block-uagb-icon-list-child uagb-block-97cb068c\"><span class=\"uagb-icon-list__source-wrap\"><svg xmlns=\"https:\/\/www.w3.org\/2000\/svg\" viewBox=\"0 0 512 512\"><path d=\"M504 256C504 119 393 8 256 8S8 119 8 256c0 123.8 90.69 226.4 209.3 245V327.7h-63V256h63v-54.64c0-62.15 37-96.48 93.67-96.48 27.14 0 55.52 4.84 55.52 4.84v61h-31.28c-30.8 0-40.41 19.12-40.41 38.73V256h68.78l-11 71.69h-57.78V501C413.3 482.4 504 379.8 504 256z\"><\/path><\/svg><\/span><\/div>\n\n\n\n<div class=\"wp-block-uagb-icon-list-child uagb-block-46b9ad31\"><span class=\"uagb-icon-list__source-wrap\"><svg xmlns=\"https:\/\/www.w3.org\/2000\/svg\" viewBox=\"0 0 512 512\"><path d=\"M459.4 151.7c.325 4.548 .325 9.097 .325 13.65 0 138.7-105.6 298.6-298.6 298.6-59.45 0-114.7-17.22-161.1-47.11 8.447 .974 16.57 1.299 25.34 1.299 49.06 0 94.21-16.57 130.3-44.83-46.13-.975-84.79-31.19-98.11-72.77 6.498 .974 12.99 1.624 19.82 1.624 9.421 0 18.84-1.3 27.61-3.573-48.08-9.747-84.14-51.98-84.14-102.1v-1.299c13.97 7.797 30.21 12.67 47.43 13.32-28.26-18.84-46.78-51.01-46.78-87.39 0-19.49 5.197-37.36 14.29-52.95 51.65 63.67 129.3 105.3 216.4 109.8-1.624-7.797-2.599-15.92-2.599-24.04 0-57.83 46.78-104.9 104.9-104.9 30.21 0 57.5 12.67 76.67 33.14 23.72-4.548 46.46-13.32 66.6-25.34-7.798 24.37-24.37 44.83-46.13 57.83 21.12-2.273 41.58-8.122 60.43-16.24-14.29 20.79-32.16 39.31-52.63 54.25z\"><\/path><\/svg><\/span><\/div>\n\n\n\n<div class=\"wp-block-uagb-icon-list-child uagb-block-915c27bf\"><span class=\"uagb-icon-list__source-wrap\"><svg xmlns=\"https:\/\/www.w3.org\/2000\/svg\" viewBox=\"0 0 448 512\"><path d=\"M224.1 141c-63.6 0-114.9 51.3-114.9 114.9s51.3 114.9 114.9 114.9S339 319.5 339 255.9 287.7 141 224.1 141zm0 189.6c-41.1 0-74.7-33.5-74.7-74.7s33.5-74.7 74.7-74.7 74.7 33.5 74.7 74.7-33.6 74.7-74.7 74.7zm146.4-194.3c0 14.9-12 26.8-26.8 26.8-14.9 0-26.8-12-26.8-26.8s12-26.8 26.8-26.8 26.8 12 26.8 26.8zm76.1 27.2c-1.7-35.9-9.9-67.7-36.2-93.9-26.2-26.2-58-34.4-93.9-36.2-37-2.1-147.9-2.1-184.9 0-35.8 1.7-67.6 9.9-93.9 36.1s-34.4 58-36.2 93.9c-2.1 37-2.1 147.9 0 184.9 1.7 35.9 9.9 67.7 36.2 93.9s58 34.4 93.9 36.2c37 2.1 147.9 2.1 184.9 0 35.9-1.7 67.7-9.9 93.9-36.2 26.2-26.2 34.4-58 36.2-93.9 2.1-37 2.1-147.8 0-184.8zM398.8 388c-7.8 19.6-22.9 34.7-42.6 42.6-29.5 11.7-99.5 9-132.1 9s-102.7 2.6-132.1-9c-19.6-7.8-34.7-22.9-42.6-42.6-11.7-29.5-9-99.5-9-132.1s-2.6-102.7 9-132.1c7.8-19.6 22.9-34.7 42.6-42.6 29.5-11.7 99.5-9 132.1-9s102.7-2.6 132.1 9c19.6 7.8 34.7 22.9 42.6 42.6 11.7 29.5 9 99.5 9 132.1s2.7 102.7-9 132.1z\"><\/path><\/svg><\/span><\/div>\n\n\n\n<div class=\"wp-block-uagb-icon-list-child uagb-block-3c29c011\"><span class=\"uagb-icon-list__source-wrap\"><svg xmlns=\"https:\/\/www.w3.org\/2000\/svg\" viewBox=\"0 0 576 512\"><path d=\"M549.7 124.1c-6.281-23.65-24.79-42.28-48.28-48.6C458.8 64 288 64 288 64S117.2 64 74.63 75.49c-23.5 6.322-42 24.95-48.28 48.6-11.41 42.87-11.41 132.3-11.41 132.3s0 89.44 11.41 132.3c6.281 23.65 24.79 41.5 48.28 47.82C117.2 448 288 448 288 448s170.8 0 213.4-11.49c23.5-6.321 42-24.17 48.28-47.82 11.41-42.87 11.41-132.3 11.41-132.3s0-89.44-11.41-132.3zm-317.5 213.5V175.2l142.7 81.21-142.7 81.2z\"><\/path><\/svg><\/span><\/div>\n<\/div><\/div>\n<\/div><\/div>\n\n\n\n<div class=\"wp-block-uagb-container uagb-layout-grid uagb-block-a58e4b6d alignfull uagb-is-root-container\"><div class=\"uagb-container-inner-blocks-wrap\">\n<div class=\"wp-block-uagb-container uagb-block-18302c56\">\n<div class=\"wp-block-uagb-image uagb-block-85624a42 wp-block-uagb-image--layout-default wp-block-uagb-image--effect-static wp-block-uagb-image--align-none\"><figure class=\"wp-block-uagb-image__figure\"><img decoding=\"async\" srcset=\"https:\/\/vitapeterlin.com\/wp-content\/uploads\/2024\/11\/IMG_7551_web-683x1024.webp ,https:\/\/vitapeterlin.com\/wp-content\/uploads\/2024\/11\/IMG_7551_web.webp 780w, https:\/\/vitapeterlin.com\/wp-content\/uploads\/2024\/11\/IMG_7551_web.webp 360w\" sizes=\"auto, (max-width: 480px) 150px\" src=\"https:\/\/vitapeterlin.com\/wp-content\/uploads\/2024\/11\/IMG_7551_web-683x1024.webp\" alt=\"\" class=\"uag-image-2048\" width=\"536\" height=\"716\" title=\"IMG_7551_web\" loading=\"lazy\" role=\"img\"\/><\/figure><\/div>\n\n\n\n<div class=\"wp-block-uagb-container uagb-block-2f1dc592\">\n<div class=\"wp-block-uagb-info-box uagb-block-8ef05894 uagb-infobox__content-wrap  uagb-infobox-icon-left uagb-infobox-left uagb-infobox-stacked-mobile uagb-infobox-image-valign-top\"><div class=\"uagb-ifb-icon-wrap\"><svg xmlns=\"https:\/\/www.w3.org\/2000\/svg\" viewBox=\"0 0 448 512\"><path d=\"M96 224C84.72 224 74.05 226.3 64 229.9V224c0-35.3 28.7-64 64-64c17.67 0 32-14.33 32-32S145.7 96 128 96C57.42 96 0 153.4 0 224v96c0 53.02 42.98 96 96 96s96-42.98 96-96S149 224 96 224zM352 224c-11.28 0-21.95 2.305-32 5.879V224c0-35.3 28.7-64 64-64c17.67 0 32-14.33 32-32s-14.33-32-32-32c-70.58 0-128 57.42-128 128v96c0 53.02 42.98 96 96 96s96-42.98 96-96S405 224 352 224z\"><\/path><\/svg><\/div><div class=\"uagb-ifb-content\"><div class=\"uagb-ifb-title-wrap\"><span class=\"uagb-ifb-title-prefix\"><strong>\u201cDon\u2019t play the notes. Play the meaning of the notes.\u201d<\/strong><\/span><p class=\"uagb-ifb-title\">Pablo Casals<\/p><\/div><p class=\"uagb-ifb-desc\">Cellist, Komponist und Dirigent<\/p><\/div><\/div>\n<\/div>\n<\/div>\n\n\n\n<div class=\"wp-block-uagb-info-box uagb-block-698c0d75 uagb-infobox__content-wrap  uagb-infobox-icon-above-title uagb-infobox-image-valign-top\"><div class=\"uagb-ifb-content\"><div class=\"uagb-ifb-title-wrap\"><h2 class=\"uagb-ifb-title\">Vita Furman Peterlin \u2013 Klassische Cellistin<\/h2><\/div><div class=\"uagb-ifb-separator\"><\/div><p class=\"uagb-ifb-desc\">Vita Furman Peterlin ist eine angesehene slowenische Cellistin, bekannt f\u00fcr ihre fesselnden Auftritte und ihre Expertise in der Kammermusik. Als Spezialistin f\u00fcr die Zusammenarbeit mit verschiedenen Kammerensembles verleiht Vita ihren Interpretationen eine einzigartige Tiefe und Sensibilit\u00e4t, die sie zu einer gefragten Musikerin in der klassischen Musikszene Sloweniens macht. Zu den H\u00f6hepunkten ihrer Karriere z\u00e4hlen Auftritte in renommierten Veranstaltungsorten wie der Carnegie Hall in New York und der Kirche La Madeleine in Paris sowie Kooperationen mit namhaften Musikern und Ensembles in ganz Europa.<br><br>Obwohl ihr Hauptfokus auf klassischer und Kammermusik liegt, bereichert Vita mit ihrem eleganten und vielseitigen Spiel auch Hochzeiten, Firmenveranstaltungen und private Zusammenk\u00fcnfte. Jeder ihrer Auftritte schafft ein anspruchsvolles und unvergessliches Erlebnis und begeistert das Publikum durch ihre feine k\u00fcnstlerische Ausdruckskraft und ihre tiefe Leidenschaft f\u00fcr die Musik.<br><br><\/p><div class=\"uagb-ifb-button-wrapper wp-block-button\"><a href=\"https:\/\/vitapeterlin.com\/de\/vita\" class=\"uagb-infobox-cta-link wp-block-button__link\" target=\"_self\" rel=\"noopener noreferrer\" onclick=\"return true;\"><span class=\"uagb-inline-editing\">Mehr Erfahren<\/span><\/a><\/div><\/div><\/div>\n<\/div><\/div>\n\n\n\n<div class=\"wp-block-uagb-advanced-heading uagb-block-7141a315\"><h1 class=\"uagb-heading-text\">Aktuelle Konzerte<br><a href=\"https:\/\/johandalene.com\/concerts\/monnakgotla-violin-concerto-7\"><\/a><\/h1><\/div>\n\n\n<div id=\"ect-no-events\"><p>There are no upcoming events at this time<\/p><\/div>\n\n\n<div class=\"wp-block-uagb-container uagb-block-2d6f055f alignfull uagb-is-root-container\"><div class=\"uagb-container-inner-blocks-wrap\">\n<div class=\"wp-block-buttons is-content-justification-center is-layout-flex wp-container-core-buttons-is-layout-a89b3969 wp-block-buttons-is-layout-flex\">\n<div class=\"wp-block-button\"><a class=\"wp-block-button__link wp-element-button\" href=\"https:\/\/vitapeterlin.com\/de\/concerts\/\">Weitere Konzerte<\/a><\/div>\n<\/div>\n<\/div><\/div>\n\n\n\n<div class=\"wp-block-uagb-container uagb-block-827eaa5b alignfull uagb-is-root-container\"><div class=\"uagb-container-inner-blocks-wrap\">\n<p><\/p>\n<\/div><\/div>\n\n\n\n<div class=\"wp-block-uagb-container uag-hide-desktop uag-hide-tab uag-hide-mob uagb-block-c876e5de alignfull uagb-is-root-container\"><div class=\"uagb-container-inner-blocks-wrap\">\n<div class=\"wp-block-uagb-advanced-heading uagb-block-7c902c64\"><h6 class=\"uagb-heading-text\">Inspired By Passion<\/h6><p class=\"uagb-desc-text\">\u201cId ut cras volutpat purus ante at viverra molestie et eget et turpis facilisis sit consequat ac morbi vestibulum pharetra vitae tincidunt nam sed.\u201d<\/p><div class=\"uagb-separator\"><\/div><\/div>\n<\/div><\/div>\n\n\n\n<div class=\"wp-block-uagb-container uag-hide-desktop uag-hide-tab uag-hide-mob uagb-block-648323df alignfull uagb-is-root-container\"><div class=\"uagb-container-inner-blocks-wrap\">\n<div class=\"wp-block-uagb-container uagb-block-f6782362 alignfull uagb-is-root-container\"><div class=\"uagb-container-inner-blocks-wrap\">\n<div class=\"wp-block-uagb-advanced-heading uagb-block-301e50fb\"><h2 class=\"uagb-heading-text\">Piano Lessons<br>For All Level<\/h2><div class=\"uagb-separator\"><\/div><\/div>\n\n\n\n<div class=\"wp-block-uagb-buttons uagb-buttons__outer-wrap uagb-btn__default-btn uagb-btn-tablet__default-btn uagb-btn-mobile__default-btn uagb-block-dd96d5c9\"><div class=\"uagb-buttons__wrap uagb-buttons-layout-wrap \">\n<div class=\"wp-block-uagb-buttons-child uagb-buttons__outer-wrap uagb-block-26d26f37 wp-block-button\"><div class=\"uagb-button__wrapper\"><a class=\"uagb-buttons-repeater wp-block-button__link\" aria-label=\"\" href=\"#\" rel=\"follow noopener\" target=\"_self\" role=\"button\"><div class=\"uagb-button__link\">Enroll Today<\/div><\/a><\/div><\/div>\n<\/div><\/div>\n<\/div><\/div>\n\n\n\n<div class=\"wp-block-uagb-container uagb-block-362c4a4d alignfull uagb-is-root-container\"><div class=\"uagb-container-inner-blocks-wrap\">\n<div class=\"wp-block-uagb-container uagb-block-18a62aef\">\n<div class=\"wp-block-uagb-advanced-heading uagb-block-5133174e\"><h6 class=\"uagb-heading-text\">01.<\/h6><\/div>\n\n\n\n<div class=\"wp-block-uagb-info-box uagb-block-6f6cc8bd uagb-infobox__content-wrap  uagb-infobox-icon-above-title uagb-infobox-image-valign-top\"><div class=\"uagb-ifb-content\"><div class=\"uagb-ifb-title-wrap\"><h3 class=\"uagb-ifb-title\">Beginner<\/h3><\/div><p class=\"uagb-ifb-desc\">Et auctor ac sed tincidunt vel, non fames blandit quisque viverra faucibus nec ac eu aenean mattis quis eget mauris ultrices pharetra ultrices amet.<\/p><div class=\"uagb-ifb-button-wrapper wp-block-button\"><a href=\"#\" class=\"uagb-infobox-cta-link wp-block-button__link\" target=\"_self\" rel=\"noopener noreferrer\" onclick=\"return false;\"><span class=\"uagb-inline-editing\">Learn More<\/span><svg xmlns=\"https:\/\/www.w3.org\/2000\/svg\" viewBox=\"0 0 512 512\"><path d=\"M504.3 273.6l-112.1 104c-6.992 6.484-17.18 8.218-25.94 4.406c-8.758-3.812-14.42-12.45-14.42-21.1L351.9 288H32C14.33 288 .0002 273.7 .0002 255.1S14.33 224 32 224h319.9l0-72c0-9.547 5.66-18.19 14.42-22c8.754-3.809 18.95-2.075 25.94 4.41l112.1 104C514.6 247.9 514.6 264.1 504.3 273.6z\"><\/path><\/svg><\/a><\/div><\/div><\/div>\n<\/div>\n\n\n\n<div class=\"wp-block-uagb-container uagb-block-b810dd7d\">\n<div class=\"wp-block-uagb-advanced-heading uagb-block-9fde2bc3\"><h6 class=\"uagb-heading-text\">02.<\/h6><\/div>\n\n\n\n<div class=\"wp-block-uagb-info-box uagb-block-8378e859 uagb-infobox__content-wrap  uagb-infobox-icon-above-title uagb-infobox-image-valign-top\"><div class=\"uagb-ifb-content\"><div class=\"uagb-ifb-title-wrap\"><h3 class=\"uagb-ifb-title\">Intermediate<\/h3><\/div><p class=\"uagb-ifb-desc\">Donec interdum lorem maecenas habitant venenatis tellus nunc sit orci magnis nec aliquam cras arcu et laoreet sagittis, viverra at eget at ac nunc.<\/p><div class=\"uagb-ifb-button-wrapper wp-block-button\"><a href=\"#\" class=\"uagb-infobox-cta-link wp-block-button__link\" target=\"_self\" rel=\"noopener noreferrer\" onclick=\"return false;\"><span class=\"uagb-inline-editing\">Learn More<\/span><svg xmlns=\"https:\/\/www.w3.org\/2000\/svg\" viewBox=\"0 0 512 512\"><path d=\"M504.3 273.6l-112.1 104c-6.992 6.484-17.18 8.218-25.94 4.406c-8.758-3.812-14.42-12.45-14.42-21.1L351.9 288H32C14.33 288 .0002 273.7 .0002 255.1S14.33 224 32 224h319.9l0-72c0-9.547 5.66-18.19 14.42-22c8.754-3.809 18.95-2.075 25.94 4.41l112.1 104C514.6 247.9 514.6 264.1 504.3 273.6z\"><\/path><\/svg><\/a><\/div><\/div><\/div>\n<\/div>\n\n\n\n<div class=\"wp-block-uagb-container uagb-block-6f4004cf\">\n<div class=\"wp-block-uagb-advanced-heading uagb-block-cf2ef2c6\"><h6 class=\"uagb-heading-text\">03.<\/h6><\/div>\n\n\n\n<div class=\"wp-block-uagb-info-box uagb-block-23858418 uagb-infobox__content-wrap  uagb-infobox-icon-above-title uagb-infobox-image-valign-top\"><div class=\"uagb-ifb-content\"><div class=\"uagb-ifb-title-wrap\"><h3 class=\"uagb-ifb-title\">Advanced<\/h3><\/div><p class=\"uagb-ifb-desc\">Ac ultrices ullamcorper leo orci eget arcu aliquam malesuada morbi id enim amet imperdiet curabitur feugiat platea pharetra, eu penatibus vitae lobortis.<\/p><div class=\"uagb-ifb-button-wrapper wp-block-button\"><a href=\"#\" class=\"uagb-infobox-cta-link wp-block-button__link\" target=\"_self\" rel=\"noopener noreferrer\" onclick=\"return false;\"><span class=\"uagb-inline-editing\">Learn More<\/span><svg xmlns=\"https:\/\/www.w3.org\/2000\/svg\" viewBox=\"0 0 512 512\"><path d=\"M504.3 273.6l-112.1 104c-6.992 6.484-17.18 8.218-25.94 4.406c-8.758-3.812-14.42-12.45-14.42-21.1L351.9 288H32C14.33 288 .0002 273.7 .0002 255.1S14.33 224 32 224h319.9l0-72c0-9.547 5.66-18.19 14.42-22c8.754-3.809 18.95-2.075 25.94 4.41l112.1 104C514.6 247.9 514.6 264.1 504.3 273.6z\"><\/path><\/svg><\/a><\/div><\/div><\/div>\n<\/div>\n<\/div><\/div>\n<\/div><\/div>\n\n\n\n<div class=\"wp-block-uagb-container uag-hide-desktop uag-hide-tab uag-hide-mob uagb-block-2a509f8d alignfull uagb-is-root-container\"><div class=\"uagb-container-inner-blocks-wrap\">\n<div class=\"wp-block-uagb-container uagb-block-db23d5c9 alignfull uagb-is-root-container\"><div class=\"uagb-container-inner-blocks-wrap\">\n<div class=\"wp-block-uagb-info-box uagb-block-ea0e17b2 uagb-infobox__content-wrap  uagb-infobox-icon-above-title uagb-infobox-image-valign-top\"><div class=\"uagb-ifb-content\"><div class=\"uagb-ifb-title-wrap\"><h6 class=\"uagb-ifb-title-prefix\">Relaxed &#038; Friendly<\/h6><h2 class=\"uagb-ifb-title\">Our Programs Are Tailored To Suit You<\/h2><\/div><\/div><\/div>\n\n\n\n<div class=\"wp-block-uagb-buttons uagb-buttons__outer-wrap uagb-btn__default-btn uagb-btn-tablet__default-btn uagb-btn-mobile__default-btn uagb-block-1698ac16\"><div class=\"uagb-buttons__wrap uagb-buttons-layout-wrap \">\n<div class=\"wp-block-uagb-buttons-child uagb-buttons__outer-wrap uagb-block-fe597e81 wp-block-button\"><div class=\"uagb-button__wrapper\"><a class=\"uagb-buttons-repeater wp-block-button__link\" aria-label=\"\" href=\"#\" rel=\"follow noopener\" target=\"_self\" role=\"button\"><div class=\"uagb-button__link\">View All Programs<\/div><\/a><\/div><\/div>\n<\/div><\/div>\n<\/div><\/div>\n\n\n\n<div class=\"wp-block-uagb-container uagb-block-60628b26 alignfull uagb-is-root-container\"><div class=\"uagb-container-inner-blocks-wrap\">\n<div class=\"wp-block-uagb-advanced-heading uagb-block-e073f030\"><h3 class=\"uagb-heading-text\">One To One<\/h3><p class=\"uagb-desc-text\">Habitant sem et ultricies mi purus diam justo, odio in sem viverra in ipsum in pellentesque.<\/p><\/div>\n\n\n\n<div class=\"wp-block-uagb-advanced-heading uagb-block-bb5aad19\"><h3 class=\"uagb-heading-text\">Classical<\/h3><p class=\"uagb-desc-text\">Molestie in varius nibh semper ornare leo ut nunc imperdiet odio risus ut urna, maecenas.<\/p><\/div>\n\n\n\n<div class=\"wp-block-uagb-advanced-heading uagb-block-ed497dec\"><h3 class=\"uagb-heading-text\">Jazz<\/h3><p class=\"uagb-desc-text\">Id ipsum id amet gravida arcu, enim a quis orci amet morbi odio lectus dis in.<\/p><\/div>\n<\/div><\/div>\n\n\n\n<div class=\"wp-block-uagb-container uagb-block-488cc9fa alignfull uagb-is-root-container\"><div class=\"uagb-container-inner-blocks-wrap\">\n<div class=\"wp-block-uagb-advanced-heading uagb-block-068afd40\"><h3 class=\"uagb-heading-text\">Pop<\/h3><p class=\"uagb-desc-text\">Semper aenean enim lobortis in platea habitasse in dolor diam netus cras est fusce augue leo.<\/p><\/div>\n\n\n\n<div class=\"wp-block-uagb-advanced-heading uagb-block-c219a773\"><h3 class=\"uagb-heading-text\">Rock<\/h3><p class=\"uagb-desc-text\">Ac sapien ut cursus aenean sit tellus massa habitant non, in fusce sed cras cursus sem.<\/p><\/div>\n\n\n\n<div class=\"wp-block-uagb-advanced-heading uagb-block-33b9d846\"><h3 class=\"uagb-heading-text\">Blues<\/h3><p class=\"uagb-desc-text\">Tincidunt viverra diam interdum hendrerit augue nec facilisi blandit sit vel sit dolor eget.<\/p><\/div>\n<\/div><\/div>\n<\/div><\/div>\n\n\n\n<div class=\"wp-block-uagb-container uag-hide-desktop uag-hide-tab uag-hide-mob uagb-block-1525c800 alignfull uagb-is-root-container\"><div class=\"uagb-container-inner-blocks-wrap\">\n<div class=\"wp-block-uagb-container uagb-layout-grid uagb-block-8d158ae8\">\n<div class=\"wp-block-uagb-image uagb-block-39c06162 wp-block-uagb-image--layout-default wp-block-uagb-image--effect-static wp-block-uagb-image--align-none\"><figure class=\"wp-block-uagb-image__figure\"><img decoding=\"async\" srcset=\"https:\/\/vitapeterlin.com\/wp-content\/uploads\/2020\/09\/piano-tutor-video-thumb-1.jpg ,https:\/\/vitapeterlin.com\/wp-content\/uploads\/2020\/09\/piano-tutor-video-thumb-1.jpg 780w, https:\/\/vitapeterlin.com\/wp-content\/uploads\/2020\/09\/piano-tutor-video-thumb-1.jpg 360w\" sizes=\"auto, (max-width: 480px) 150px\" src=\"https:\/\/vitapeterlin.com\/wp-content\/uploads\/2020\/09\/piano-tutor-video-thumb-1.jpg\" alt=\"\" class=\"uag-image-121\" width=\"207\" height=\"138\" title=\"\" loading=\"lazy\" role=\"img\"\/><\/figure><\/div>\n\n\n\n<div class=\"wp-block-uagb-advanced-heading uagb-block-ded4d83c\"><h5 class=\"uagb-heading-text\">Mollis Etiam Tristique<\/h5><p class=\"uagb-desc-text\">Sollicitudin est aliquet morbi faucibus duis fringilla cras donec amet.<\/p><\/div>\n<\/div>\n\n\n\n<div class=\"wp-block-uagb-container uagb-layout-grid uagb-block-4e715b97\">\n<div class=\"wp-block-uagb-image uagb-block-8d0ae285 wp-block-uagb-image--layout-default wp-block-uagb-image--effect-static wp-block-uagb-image--align-none\"><figure class=\"wp-block-uagb-image__figure\"><img decoding=\"async\" srcset=\"https:\/\/vitapeterlin.com\/wp-content\/uploads\/2020\/09\/piano-tutor-video-thumb-2.jpg ,https:\/\/vitapeterlin.com\/wp-content\/uploads\/2020\/09\/piano-tutor-video-thumb-2.jpg 780w, https:\/\/vitapeterlin.com\/wp-content\/uploads\/2020\/09\/piano-tutor-video-thumb-2.jpg 360w\" sizes=\"auto, (max-width: 480px) 150px\" src=\"https:\/\/vitapeterlin.com\/wp-content\/uploads\/2020\/09\/piano-tutor-video-thumb-2.jpg\" alt=\"\" class=\"uag-image-120\" width=\"207\" height=\"138\" title=\"\" loading=\"lazy\" role=\"img\"\/><\/figure><\/div>\n\n\n\n<div class=\"wp-block-uagb-advanced-heading uagb-block-41f1534e\"><h5 class=\"uagb-heading-text\">Ut quis venenatis<\/h5><p class=\"uagb-desc-text\">Ultrices mauris erat molestie amet nisi risus nibh volutpat purus.<\/p><\/div>\n<\/div>\n<\/div><\/div>\n\n\n\n<div class=\"wp-block-uagb-container uag-hide-desktop uag-hide-tab uag-hide-mob uagb-block-3f6fa5fb alignfull uagb-is-root-container\"><div class=\"uagb-container-inner-blocks-wrap\">\n<div class=\"wp-block-uagb-info-box uagb-block-8f262253 uagb-infobox__content-wrap  uagb-infobox-icon-above-title uagb-infobox-image-valign-top\"><div class=\"uagb-ifb-content\"><div class=\"uagb-ifb-title-wrap\"><h2 class=\"uagb-ifb-title\">Ready to pursue<br>your dream<\/h2><\/div><p class=\"uagb-ifb-desc\">Sollicitudin est aliquet morbi faucibus duis fringilla cras donec amet.<\/p><div class=\"uagb-ifb-button-wrapper wp-block-button\"><a href=\"#\" class=\"uagb-infobox-cta-link wp-block-button__link\" target=\"_self\" rel=\"noopener noreferrer\" onclick=\"return false;\"><span class=\"uagb-inline-editing\">Enroll Today<\/span><\/a><\/div><\/div><\/div>\n<\/div><\/div>\n","protected":false},"excerpt":{"rendered":"<p>Aktuelle Konzerte Inspired By Passion \u201cId ut cras volutpat purus ante at viverra molestie et eget et turpis facilisis sit consequat ac morbi vestibulum pharetra vitae tincidunt nam sed.\u201d Piano [&hellip;]<\/p>\n","protected":false},"author":1,"featured_media":2048,"parent":0,"menu_order":0,"comment_status":"closed","ping_status":"closed","template":"","meta":{"_uag_custom_page_level_css":"","site-sidebar-layout":"default","site-content-layout":"","ast-site-content-layout":"full-width-container","site-content-style":"unboxed","site-sidebar-style":"unboxed","ast-global-header-display":"","ast-banner-title-visibility":"","ast-main-header-display":"","ast-hfb-above-header-display":"","ast-hfb-below-header-display":"","ast-hfb-mobile-header-display":"","site-post-title":"disabled","ast-breadcrumbs-content":"","ast-featured-img":"","footer-sml-layout":"","theme-transparent-header-meta":"","adv-header-id-meta":"","stick-header-meta":"","header-above-stick-meta":"","header-main-stick-meta":"","header-below-stick-meta":"","astra-migrate-meta-layouts":"set","ast-page-background-enabled":"default","ast-page-background-meta":{"desktop":{"background-color":"","background-image":"","background-repeat":"repeat","background-position":"center center","background-size":"auto","background-attachment":"scroll","background-type":"","background-media":"","overlay-type":"","overlay-color":"","overlay-opacity":"","overlay-gradient":""},"tablet":{"background-color":"","background-image":"","background-repeat":"repeat","background-position":"center center","background-size":"auto","background-attachment":"scroll","background-type":"","background-media":"","overlay-type":"","overlay-color":"","overlay-opacity":"","overlay-gradient":""},"mobile":{"background-color":"","background-image":"","background-repeat":"repeat","background-position":"center center","background-size":"auto","background-attachment":"scroll","background-type":"","background-media":"","overlay-type":"","overlay-color":"","overlay-opacity":"","overlay-gradient":""}},"ast-content-background-meta":{"desktop":{"background-color":"var(--ast-global-color-5)","background-image":"","background-repeat":"repeat","background-position":"center center","background-size":"auto","background-attachment":"scroll","background-type":"","background-media":"","overlay-type":"","overlay-color":"","overlay-opacity":"","overlay-gradient":""},"tablet":{"background-color":"var(--ast-global-color-5)","background-image":"","background-repeat":"repeat","background-position":"center center","background-size":"auto","background-attachment":"scroll","background-type":"","background-media":"","overlay-type":"","overlay-color":"","overlay-opacity":"","overlay-gradient":""},"mobile":{"background-color":"var(--ast-global-color-5)","background-image":"","background-repeat":"repeat","background-position":"center center","background-size":"auto","background-attachment":"scroll","background-type":"","background-media":"","overlay-type":"","overlay-color":"","overlay-opacity":"","overlay-gradient":""}},"pgc_sgb_lightbox_settings":"","footnotes":""},"class_list":["post-354","page","type-page","status-publish","has-post-thumbnail","hentry"],"uagb_featured_image_src":{"full":["https:\/\/vitapeterlin.com\/wp-content\/uploads\/2024\/11\/IMG_7551_web.webp",1667,2500,false],"thumbnail":["https:\/\/vitapeterlin.com\/wp-content\/uploads\/2024\/11\/IMG_7551_web-150x150.webp",150,150,true],"medium":["https:\/\/vitapeterlin.com\/wp-content\/uploads\/2024\/11\/IMG_7551_web-200x300.webp",200,300,true],"medium_large":["https:\/\/vitapeterlin.com\/wp-content\/uploads\/2024\/11\/IMG_7551_web-768x1152.webp",768,1152,true],"large":["https:\/\/vitapeterlin.com\/wp-content\/uploads\/2024\/11\/IMG_7551_web-683x1024.webp",683,1024,true],"1536x1536":["https:\/\/vitapeterlin.com\/wp-content\/uploads\/2024\/11\/IMG_7551_web-1024x1536.webp",1024,1536,true],"2048x2048":["https:\/\/vitapeterlin.com\/wp-content\/uploads\/2024\/11\/IMG_7551_web-1366x2048.webp",1366,2048,true]},"uagb_author_info":{"display_name":"admin","author_link":"https:\/\/vitapeterlin.com\/de\/author\/admin\/"},"uagb_comment_info":0,"uagb_excerpt":"Aktuelle Konzerte Inspired By Passion \u201cId ut cras volutpat purus ante at viverra molestie et eget et turpis facilisis sit consequat ac morbi vestibulum pharetra vitae tincidunt nam sed.\u201d Piano [&hellip;]","_links":{"self":[{"href":"https:\/\/vitapeterlin.com\/de\/wp-json\/wp\/v2\/pages\/354","targetHints":{"allow":["GET"]}}],"collection":[{"href":"https:\/\/vitapeterlin.com\/de\/wp-json\/wp\/v2\/pages"}],"about":[{"href":"https:\/\/vitapeterlin.com\/de\/wp-json\/wp\/v2\/types\/page"}],"author":[{"embeddable":true,"href":"https:\/\/vitapeterlin.com\/de\/wp-json\/wp\/v2\/users\/1"}],"replies":[{"embeddable":true,"href":"https:\/\/vitapeterlin.com\/de\/wp-json\/wp\/v2\/comments?post=354"}],"version-history":[{"count":83,"href":"https:\/\/vitapeterlin.com\/de\/wp-json\/wp\/v2\/pages\/354\/revisions"}],"predecessor-version":[{"id":2447,"href":"https:\/\/vitapeterlin.com\/de\/wp-json\/wp\/v2\/pages\/354\/revisions\/2447"}],"wp:featuredmedia":[{"embeddable":true,"href":"https:\/\/vitapeterlin.com\/de\/wp-json\/wp\/v2\/media\/2048"}],"wp:attachment":[{"href":"https:\/\/vitapeterlin.com\/de\/wp-json\/wp\/v2\/media?parent=354"}],"curies":[{"name":"wp","href":"https:\/\/api.w.org\/{rel}","templated":true}]}}