{"id":2141,"date":"2024-11-20T22:38:37","date_gmt":"2024-11-20T20:38:37","guid":{"rendered":"https:\/\/vitapeterlin.com\/sl\/?page_id=2141"},"modified":"2025-12-09T10:50:47","modified_gmt":"2025-12-09T08:50:47","slug":"projects","status":"publish","type":"page","link":"https:\/\/vitapeterlin.com\/de\/projects\/","title":{"rendered":"Projekte"},"content":{"rendered":"\n<div class=\"wp-block-uagb-container uagb-layout-flex uagb-block-bd5ccdb4 alignfull uagb-is-root-container\"><div class=\"uagb-container-inner-blocks-wrap\">\n<div class=\"wp-block-uagb-container uagb-block-52c0f270\">\n<div class=\"wp-block-uagb-advanced-heading uagb-block-1dbf61b2\"><h1 class=\"uagb-heading-text\">Projekte<\/h1><\/div>\n<\/div>\n\n\n\n<blockquote class=\"wp-block-quote is-layout-flow wp-block-quote-is-layout-flow\">\n<p>Entdecken Sie die vielf\u00e4ltigen musikalischen Projekte, die ich leite und an denen ich mitwirke. Mit au\u00dfergew\u00f6hnlicher Live-Musik f\u00fcr Hochzeiten, Firmenfeiern und klassische Konzerte in Slowenien und Europa schaffen wir unvergessliche Momente. Von der bezaubernden Kombination aus Cello und Harfe bis hin zu dynamischen Kammerensembles \u2013 jede Gruppe vereint k\u00fcnstlerische Exzellenz mit Vielseitigkeit.<\/p>\n<\/blockquote>\n<\/div><\/div>\n\n\n\n<div class=\"wp-block-uagb-container uagb-block-481e6fb6 alignfull uagb-is-root-container\"><div class=\"uagb-container-inner-blocks-wrap\">\n<div class=\"wp-block-uagb-container uagb-block-d297e534\">\n<div class=\"wp-block-uagb-container uagb-block-f5807b0a\"><\/div>\n\n\n\n<div class=\"wp-block-uagb-container uagb-block-8c46e37b\">\n<div class=\"wp-block-uagb-info-box uagb-block-698c0d75 uagb-infobox__content-wrap  uagb-infobox-icon-above-title uagb-infobox-image-valign-top wp-block-uagb-info-box--has-margin\"><div class=\"uagb-infobox-margin-wrapper\"><div class=\"uagb-ifb-content\"><div class=\"uagb-ifb-title-wrap\"><h6 class=\"uagb-ifb-title-prefix\"><strong>Cello &#038; Harfe<\/strong><\/h6><h2 class=\"uagb-ifb-title\">Duo Vita &#038; Lara<\/h2><\/div><div class=\"uagb-ifb-separator\"><\/div><p class=\"uagb-ifb-desc\">Elegant, romantisch und zeitlos \u2013 Duo Vita &#038; Lara sorgt f\u00fcr eine bezaubernde Atmosph\u00e4re bei Hochzeiten und Veranstaltungen in ganz Slowenien. Mit einem vielseitigen Repertoire aus klassischer, romantischer und Popmusik widmen sie sich der Aufgabe, Ihren besonderen Tag unvergesslich zu machen. Zu den Highlights z\u00e4hlen Auftritte in Bled, Kranjska Gora und Ljubljana f\u00fcr lokale und internationale G\u00e4ste. Musikw\u00fcnsche werden gerne erf\u00fcllt.<\/p><div class=\"uagb-ifb-button-wrapper wp-block-button\"><a href=\"https:\/\/vitapeterlin.com\/de\/duo-vita-lara\/\" class=\"uagb-infobox-cta-link wp-block-button__link\" target=\"_self\" rel=\"noopener noreferrer\" onclick=\"return true;\"><span class=\"uagb-inline-editing\">Mehr<\/span><\/a><\/div><\/div><\/div><\/div>\n<\/div>\n<\/div>\n\n\n\n<div class=\"wp-block-uagb-container uagb-block-9c53e598\">\n<div class=\"wp-block-uagb-container uagb-block-8e9dfd59\"><\/div>\n\n\n\n<div class=\"wp-block-uagb-container uagb-block-e39a16bb\">\n<div class=\"wp-block-uagb-info-box uagb-block-bed0c8df uagb-infobox__content-wrap  uagb-infobox-icon-above-title uagb-infobox-image-valign-top wp-block-uagb-info-box--has-margin\"><div class=\"uagb-infobox-margin-wrapper\"><div class=\"uagb-ifb-content\"><div class=\"uagb-ifb-title-wrap\"><h6 class=\"uagb-ifb-title-prefix\"><strong><strong>Klaviertrio<\/strong><\/strong><\/h6><h2 class=\"uagb-ifb-title\"><strong>Trio Soloway<\/strong><\/h2><\/div><div class=\"uagb-ifb-separator\"><\/div><p class=\"uagb-ifb-desc\">Das 2015 gegr\u00fcndete Trio Soloway vereint drei herausragende Musiker: Olena Miso (Klavier, Ukraine), Andrii Uhrak (Violine, Ukraine) und Vita Furman Peterlin (Cello, Slowenien). Bekannt f\u00fcr ihre ausdrucksstarke Musikalit\u00e4t, hat das Trio renommierte Preise wie das \u201eF\u00f6rderstipendium in Gold\u201c und \u201eF\u00f6rderstipendium in Silber\u201c der Martha-Debelli-Stiftung gewonnen. Mit Auftritten in ganz Europa und Aufnahmen, die von ORF1 \u00fcbertragen wurden, umfasst ihr Repertoire zeitlose klassische Werke von Schubert und Arensky. Der Name \u201eSoloway\u201c steht f\u00fcr die Sch\u00f6nheit des Nachtigallengesangs.<\/p><\/div><\/div><\/div>\n<\/div>\n<\/div>\n\n\n\n<div class=\"wp-block-uagb-container uagb-block-30acc15b\">\n<div class=\"wp-block-uagb-container uagb-block-7fd30368\"><\/div>\n\n\n\n<div class=\"wp-block-uagb-container uagb-block-0576fbfd\">\n<div class=\"wp-block-uagb-info-box uagb-block-b56a5ea5 uagb-infobox__content-wrap  uagb-infobox-icon-above-title uagb-infobox-image-valign-top wp-block-uagb-info-box--has-margin\"><div class=\"uagb-infobox-margin-wrapper\"><div class=\"uagb-ifb-content\"><div class=\"uagb-ifb-title-wrap\"><h6 class=\"uagb-ifb-title-prefix\"><strong>Cello &#038; Akkordeon<\/strong><\/h6><h2 class=\"uagb-ifb-title\"><strong>Duo Vita &#038; \u017dan<\/strong><\/h2><\/div><div class=\"uagb-ifb-separator\"><\/div><p class=\"uagb-ifb-desc\">Duo Vita &#038; \u017dan begeistert das Publikum mit ihrem unverwechselbaren Klang, der durch die Verbindung von Cello und Akkordeon entsteht. Von Meisterwerken der Renaissance bis hin zu zeitgen\u00f6ssischer Musik spiegeln ihre Auftritte Leidenschaft und Innovation wider. Mit Auftritten bei renommierten Festivals in ganz Europa sind sie perfekt f\u00fcr intime Konzerte und au\u00dfergew\u00f6hnliche Events.<\/p><div class=\"uagb-ifb-button-wrapper wp-block-button\"><a href=\"https:\/\/vitapeterlin.com\/de\/vita-zan\" class=\"uagb-infobox-cta-link wp-block-button__link\" target=\"_self\" rel=\"noopener noreferrer\" onclick=\"return true;\"><span class=\"uagb-inline-editing\">Mehr<\/span><\/a><\/div><\/div><\/div><\/div>\n<\/div>\n<\/div>\n\n\n\n<div class=\"wp-block-uagb-container uagb-block-fc84783e\">\n<div class=\"wp-block-uagb-container uagb-block-dcc79176\"><\/div>\n\n\n\n<div class=\"wp-block-uagb-container uagb-block-26b83e48\">\n<div class=\"wp-block-uagb-info-box uagb-block-07f52ab1 uagb-infobox__content-wrap  uagb-infobox-icon-above-title uagb-infobox-image-valign-top wp-block-uagb-info-box--has-margin\"><div class=\"uagb-infobox-margin-wrapper\"><div class=\"uagb-ifb-content\"><div class=\"uagb-ifb-title-wrap\"><h6 class=\"uagb-ifb-title-prefix\"><strong>Cello &#038; Violine<\/strong><\/h6><h2 class=\"uagb-ifb-title\"><strong>Duo Veris<\/strong><\/h2><\/div><div class=\"uagb-ifb-separator\"><\/div><p class=\"uagb-ifb-desc\">Duo Veris vereint die Violinistin Veronika Vilar Brecelj und die Cellistin Vita Furman Peterlin in einer leidenschaftlichen Erforschung des Repertoires f\u00fcr Violine und Cello. Mit Auftritten in Slowenien und Europa bringen sie raffinierte Kunstfertigkeit in klassische Konzerte sowie Eleganz auf Hochzeiten und Veranstaltungen. Zu den Highlights z\u00e4hlen Aufnahmen von Castillo Interior von P\u0113teris Vasks und Beethovens Duo in C-Dur. Zuk\u00fcnftige Pl\u00e4ne beinhalten eine Konzertreihe, um die Liebe zur Kammermusik einem breiteren Publikum n\u00e4herzubringen.<\/p><div class=\"uagb-ifb-button-wrapper wp-block-button\"><a href=\"https:\/\/vitapeterlin.com\/de\/duo-veris\/\" class=\"uagb-infobox-cta-link wp-block-button__link\" target=\"_self\" rel=\"noopener noreferrer\" onclick=\"return true;\"><span class=\"uagb-inline-editing\">More<\/span><\/a><\/div><\/div><\/div><\/div>\n<\/div>\n<\/div>\n<\/div><\/div>\n","protected":false},"excerpt":{"rendered":"<p>Projekte Entdecken Sie die vielf\u00e4ltigen musikalischen Projekte, die ich leite und an denen ich mitwirke. Mit au\u00dfergew\u00f6hnlicher Live-Musik f\u00fcr Hochzeiten, Firmenfeiern und klassische Konzerte in Slowenien und Europa schaffen wir [&hellip;]<\/p>\n","protected":false},"author":1,"featured_media":2151,"parent":0,"menu_order":0,"comment_status":"closed","ping_status":"closed","template":"","meta":{"_uag_custom_page_level_css":"","site-sidebar-layout":"no-sidebar","site-content-layout":"page-builder","ast-site-content-layout":"full-width-container","site-content-style":"unboxed","site-sidebar-style":"unboxed","ast-global-header-display":"","ast-banner-title-visibility":"","ast-main-header-display":"","ast-hfb-above-header-display":"","ast-hfb-below-header-display":"","ast-hfb-mobile-header-display":"","site-post-title":"disabled","ast-breadcrumbs-content":"","ast-featured-img":"disabled","footer-sml-layout":"","theme-transparent-header-meta":"enabled","adv-header-id-meta":"","stick-header-meta":"","header-above-stick-meta":"","header-main-stick-meta":"","header-below-stick-meta":"","astra-migrate-meta-layouts":"set","ast-page-background-enabled":"default","ast-page-background-meta":{"desktop":{"background-color":"","background-image":"","background-repeat":"repeat","background-position":"center center","background-size":"auto","background-attachment":"scroll","background-type":"","background-media":"","overlay-type":"","overlay-color":"","overlay-opacity":"","overlay-gradient":""},"tablet":{"background-color":"","background-image":"","background-repeat":"repeat","background-position":"center center","background-size":"auto","background-attachment":"scroll","background-type":"","background-media":"","overlay-type":"","overlay-color":"","overlay-opacity":"","overlay-gradient":""},"mobile":{"background-color":"","background-image":"","background-repeat":"repeat","background-position":"center center","background-size":"auto","background-attachment":"scroll","background-type":"","background-media":"","overlay-type":"","overlay-color":"","overlay-opacity":"","overlay-gradient":""}},"ast-content-background-meta":{"desktop":{"background-color":"var(--ast-global-color-5)","background-image":"","background-repeat":"repeat","background-position":"center center","background-size":"auto","background-attachment":"scroll","background-type":"","background-media":"","overlay-type":"","overlay-color":"","overlay-opacity":"","overlay-gradient":""},"tablet":{"background-color":"var(--ast-global-color-5)","background-image":"","background-repeat":"repeat","background-position":"center center","background-size":"auto","background-attachment":"scroll","background-type":"","background-media":"","overlay-type":"","overlay-color":"","overlay-opacity":"","overlay-gradient":""},"mobile":{"background-color":"var(--ast-global-color-5)","background-image":"","background-repeat":"repeat","background-position":"center center","background-size":"auto","background-attachment":"scroll","background-type":"","background-media":"","overlay-type":"","overlay-color":"","overlay-opacity":"","overlay-gradient":""}},"pgc_sgb_lightbox_settings":"","footnotes":""},"class_list":["post-2141","page","type-page","status-publish","has-post-thumbnail","hentry"],"uagb_featured_image_src":{"full":["https:\/\/vitapeterlin.com\/wp-content\/uploads\/2024\/11\/Trio-Soloway_BlazCrnic-12-min-scaled-1.jpg",2560,1707,false],"thumbnail":["https:\/\/vitapeterlin.com\/wp-content\/uploads\/2024\/11\/Trio-Soloway_BlazCrnic-12-min-scaled-1-150x150.jpg",150,150,true],"medium":["https:\/\/vitapeterlin.com\/wp-content\/uploads\/2024\/11\/Trio-Soloway_BlazCrnic-12-min-scaled-1-300x200.jpg",300,200,true],"medium_large":["https:\/\/vitapeterlin.com\/wp-content\/uploads\/2024\/11\/Trio-Soloway_BlazCrnic-12-min-scaled-1-768x512.jpg",768,512,true],"large":["https:\/\/vitapeterlin.com\/wp-content\/uploads\/2024\/11\/Trio-Soloway_BlazCrnic-12-min-scaled-1-1024x683.jpg",1024,683,true],"1536x1536":["https:\/\/vitapeterlin.com\/wp-content\/uploads\/2024\/11\/Trio-Soloway_BlazCrnic-12-min-scaled-1-1536x1024.jpg",1536,1024,true],"2048x2048":["https:\/\/vitapeterlin.com\/wp-content\/uploads\/2024\/11\/Trio-Soloway_BlazCrnic-12-min-scaled-1-2048x1366.jpg",2048,1366,true]},"uagb_author_info":{"display_name":"admin","author_link":"https:\/\/vitapeterlin.com\/de\/author\/admin\/"},"uagb_comment_info":0,"uagb_excerpt":"Projekte Entdecken Sie die vielf\u00e4ltigen musikalischen Projekte, die ich leite und an denen ich mitwirke. Mit au\u00dfergew\u00f6hnlicher Live-Musik f\u00fcr Hochzeiten, Firmenfeiern und klassische Konzerte in Slowenien und Europa schaffen wir [&hellip;]","_links":{"self":[{"href":"https:\/\/vitapeterlin.com\/de\/wp-json\/wp\/v2\/pages\/2141","targetHints":{"allow":["GET"]}}],"collection":[{"href":"https:\/\/vitapeterlin.com\/de\/wp-json\/wp\/v2\/pages"}],"about":[{"href":"https:\/\/vitapeterlin.com\/de\/wp-json\/wp\/v2\/types\/page"}],"author":[{"embeddable":true,"href":"https:\/\/vitapeterlin.com\/de\/wp-json\/wp\/v2\/users\/1"}],"replies":[{"embeddable":true,"href":"https:\/\/vitapeterlin.com\/de\/wp-json\/wp\/v2\/comments?post=2141"}],"version-history":[{"count":58,"href":"https:\/\/vitapeterlin.com\/de\/wp-json\/wp\/v2\/pages\/2141\/revisions"}],"predecessor-version":[{"id":2387,"href":"https:\/\/vitapeterlin.com\/de\/wp-json\/wp\/v2\/pages\/2141\/revisions\/2387"}],"wp:featuredmedia":[{"embeddable":true,"href":"https:\/\/vitapeterlin.com\/de\/wp-json\/wp\/v2\/media\/2151"}],"wp:attachment":[{"href":"https:\/\/vitapeterlin.com\/de\/wp-json\/wp\/v2\/media?parent=2141"}],"curies":[{"name":"wp","href":"https:\/\/api.w.org\/{rel}","templated":true}]}}